{"id":3449,"date":"2025-12-16T08:50:17","date_gmt":"2025-12-16T08:50:17","guid":{"rendered":"https:\/\/vibesspa.ca\/?page_id=3449"},"modified":"2025-12-17T21:44:19","modified_gmt":"2025-12-17T21:44:19","slug":"photo-rajeunissement","status":"publish","type":"page","link":"https:\/\/vibesspa.ca\/fr\/photo-rajeunissement\/","title":{"rendered":"Clarity 2 Photo Rajeunissement"},"content":{"rendered":"\t\t<div data-elementor-type=\"wp-post\" data-elementor-id=\"3449\" class=\"elementor elementor-3449 elementor-3448\" data-elementor-settings=\"[]\">\n\t\t\t\t\t\t<div class=\"elementor-inner\">\n\t\t\t\t\t\t\t<div class=\"elementor-section-wrap\">\n\t\t\t\t\t\t\t<section class=\"elementor-section elementor-top-section elementor-element elementor-element-6384860 elementor-section-content-middle elementor-reverse-tablet elementor-reverse-mobile elementor-section-full_width elementor-section-height-default elementor-section-height-default\" data-id=\"6384860\" data-element_type=\"section\" data-settings=\"{&quot;background_background&quot;:&quot;classic&quot;}\">\n\t\t\t\t\t\t\t<div class=\"elementor-background-overlay\"><\/div>\n\t\t\t\t\t\t\t<div class=\"elementor-container elementor-column-gap-default\">\n\t\t\t\t\t\t\t<div class=\"elementor-row\">\n\t\t\t\t\t<div class=\"elementor-column elementor-col-100 elementor-top-column elementor-element elementor-element-161fa0d\" data-id=\"161fa0d\" data-element_type=\"column\">\n\t\t\t<div class=\"elementor-column-wrap elementor-element-populated\">\n\t\t\t\t\t\t\t<div class=\"elementor-widget-wrap\">\n\t\t\t\t\t\t<div class=\"elementor-element elementor-element-905f8d6 elementor-relative elementor-widget elementor-widget-heading\" data-id=\"905f8d6\" data-element_type=\"widget\" data-settings=\"{&quot;pafe_position_mobile&quot;:&quot;relative&quot;}\" data-widget_type=\"heading.default\">\n\t\t\t\t<div class=\"elementor-widget-container\">\n\t\t\t<h2 class=\"elementor-heading-title elementor-size-default\">Clarity 2, Photo Rajeunissement <\/h2>\t\t<\/div>\n\t\t\t\t<\/div>\n\t\t\t\t<section class=\"elementor-section elementor-inner-section elementor-element elementor-element-e067f7a elementor-section-boxed elementor-section-height-default elementor-section-height-default\" data-id=\"e067f7a\" data-element_type=\"section\">\n\t\t\t\t\t\t<div class=\"elementor-container elementor-column-gap-default\">\n\t\t\t\t\t\t\t<div class=\"elementor-row\">\n\t\t\t\t\t<div class=\"elementor-column elementor-col-100 elementor-inner-column elementor-element elementor-element-3f866dd\" data-id=\"3f866dd\" data-element_type=\"column\">\n\t\t\t<div class=\"elementor-column-wrap elementor-element-populated\">\n\t\t\t\t\t\t\t<div class=\"elementor-widget-wrap\">\n\t\t\t\t\t\t<div class=\"elementor-element elementor-element-8e4dd36 elementor-widget elementor-widget-pafe-before-after-image-comparison-slider\" data-id=\"8e4dd36\" data-element_type=\"widget\" data-widget_type=\"pafe-before-after-image-comparison-slider.default\">\n\t\t\t\t<div class=\"elementor-widget-container\">\n\t\t\t\t\n\t\t\t<div class=\"pafe-before-after-image-comparison-slider\" data-pafe-before-after-image-comparison-slider data-pafe-before-after-image-offset-percent=\"0.25\" data-pafe-before-after-image-orientation=\"horizontal\" data-pafe-before-after-image-before-label=\"Before\" data-pafe-before-after-image-after-label=\"After\" data-pafe-before-after-image-overlay=\"yes\" data-pafe-before-after-image-move-slider-on-hover=\"yes\" data-pafe-before-after-image-move-with-handle-only=\"yes\" data-pafe-before-after-image-click-to-move=\"\">\n\t            <img decoding=\"async\" class=\"pafe-before-after-image-comparison-slider__item pafe-before-after-image-comparison-slider__item--before\" src=\"https:\/\/vibesspa.ca\/wp-content\/uploads\/2025\/12\/elite_iq_before.jpg\">\n\t            <img decoding=\"async\" class=\"pafe-before-after-image-comparison-slider__item pafe-before-after-image-comparison-slider__item--after\" src=\"https:\/\/vibesspa.ca\/wp-content\/uploads\/2025\/12\/elite_iq_after.jpg\">\n      \t\t<\/div>\n        \t\t<\/div>\n\t\t\t\t<\/div>\n\t\t\t\t\t\t<\/div>\n\t\t\t\t\t<\/div>\n\t\t<\/div>\n\t\t\t\t\t\t\t\t<\/div>\n\t\t\t\t\t<\/div>\n\t\t<\/section>\n\t\t\t\t\t\t<\/div>\n\t\t\t\t\t<\/div>\n\t\t<\/div>\n\t\t\t\t\t\t\t\t<\/div>\n\t\t\t\t\t<\/div>\n\t\t<\/section>\n\t\t\t\t<section class=\"elementor-section elementor-top-section elementor-element elementor-element-aba73dc elementor-section-content-middle elementor-reverse-tablet elementor-reverse-mobile elementor-section-full_width elementor-section-height-default elementor-section-height-default\" data-id=\"aba73dc\" data-element_type=\"section\" data-settings=\"{&quot;background_background&quot;:&quot;classic&quot;}\">\n\t\t\t\t\t\t\t<div class=\"elementor-background-overlay\"><\/div>\n\t\t\t\t\t\t\t<div class=\"elementor-container elementor-column-gap-default\">\n\t\t\t\t\t\t\t<div class=\"elementor-row\">\n\t\t\t\t\t<div class=\"elementor-column elementor-col-100 elementor-top-column elementor-element elementor-element-263dded\" data-id=\"263dded\" data-element_type=\"column\">\n\t\t\t<div class=\"elementor-column-wrap elementor-element-populated\">\n\t\t\t\t\t\t\t<div class=\"elementor-widget-wrap\">\n\t\t\t\t\t\t<div class=\"elementor-element elementor-element-52507eb elementor-widget elementor-widget-heading\" data-id=\"52507eb\" data-element_type=\"widget\" data-widget_type=\"heading.default\">\n\t\t\t\t<div class=\"elementor-widget-container\">\n\t\t\t<h2 class=\"elementor-heading-title elementor-size-default\">Effacez. Renouvelez. Rayonnez.<\/h2>\t\t<\/div>\n\t\t\t\t<\/div>\n\t\t\t\t<div class=\"elementor-element elementor-element-916d0ff elementor-widget elementor-widget-text-editor\" data-id=\"916d0ff\" data-element_type=\"widget\" data-widget_type=\"text-editor.default\">\n\t\t\t\t<div class=\"elementor-widget-container\">\n\t\t\t\t\t<div class=\"elementor-text-editor elementor-clearfix\">Clarity 2 Rajeunissement est un traitement laser de pointe con\u00e7u pour traiter plusieurs pr\u00e9occupations cutan\u00e9es en un seul syst\u00e8me performant. Gr\u00e2ce \u00e0 une \u00e9nergie lumineuse pr\u00e9cise, il cible et traite les signes du vieillissement, les l\u00e9sions pigmentaires telles que les taches solaires et les taches de vieillesse, ainsi que les veines visibles, y compris les varicosit\u00e9s et les capillaires dilat\u00e9s.<\/div>\n\t\t\t\t<\/div>\n\t\t\t\t<\/div>\n\t\t\t\t<div class=\"elementor-element elementor-element-1c330fb elementor-widget elementor-widget-text-editor\" data-id=\"1c330fb\" data-element_type=\"widget\" data-widget_type=\"text-editor.default\">\n\t\t\t\t<div class=\"elementor-widget-container\">\n\t\t\t\t\t<div class=\"elementor-text-editor elementor-clearfix\">L&#8217;\u00e9nergie laser p\u00e9n\u00e8tre la peau pour cibler s\u00e9lectivement les pigments ind\u00e9sirables et les irr\u00e9gularit\u00e9s vasculaires, les fragmentant afin que le corps puisse les \u00e9liminer naturellement au fil du temps. Simultan\u00e9ment, le traitement stimule la production de collag\u00e8ne, ce qui donne une peau plus lisse, au teint plus uniforme et visiblement rajeunie. Il est efficace sur le visage, le cou, le d\u00e9collet\u00e9, les mains et toute autre zone sujette aux dommages caus\u00e9s par le soleil ou aux veines apparentes. La plupart des clientes ressentent un inconfort minimal durant la s\u00e9ance, souvent d\u00e9crit comme une l\u00e9g\u00e8re sensation de picotement. Selon la pr\u00e9occupation trait\u00e9e, une s\u00e9rie de s\u00e9ances peut \u00eatre recommand\u00e9e pour des r\u00e9sultats optimaux, les am\u00e9liorations devenant plus visibles dans les semaines suivant chaque traitement.<\/div>\n\t\t\t\t<\/div>\n\t\t\t\t<\/div>\n\t\t\t\t\t\t<\/div>\n\t\t\t\t\t<\/div>\n\t\t<\/div>\n\t\t\t\t\t\t\t\t<\/div>\n\t\t\t\t\t<\/div>\n\t\t<\/section>\n\t\t\t\t<section class=\"elementor-section elementor-top-section elementor-element elementor-element-34de3ef elementor-section-boxed elementor-section-height-default elementor-section-height-default\" data-id=\"34de3ef\" data-element_type=\"section\">\n\t\t\t\t\t\t<div class=\"elementor-container elementor-column-gap-default\">\n\t\t\t\t\t\t\t<div class=\"elementor-row\">\n\t\t\t\t\t<div class=\"elementor-column elementor-col-100 elementor-top-column elementor-element elementor-element-19cf340\" data-id=\"19cf340\" data-element_type=\"column\">\n\t\t\t<div class=\"elementor-column-wrap elementor-element-populated\">\n\t\t\t\t\t\t\t<div class=\"elementor-widget-wrap\">\n\t\t\t\t\t\t<div class=\"elementor-element elementor-element-66b525c elementor-widget elementor-widget-bdt-price-list\" data-id=\"66b525c\" data-element_type=\"widget\" data-widget_type=\"bdt-price-list.default\">\n\t\t\t\t<div class=\"elementor-widget-container\">\n\t\t\t\t\t<ul class=\"bdt-price-list\">\n\n\t\t<li class=\"bdt-price-list-item bdt-grid bdt-grid-small bdt-flex-top\" bdt-grid>\n\t\t\t<div class=\"bdt-price-list-text bdt-width-expand\">\n\t\t\t\t<div>\n\t\t\t\t\t<div class=\"bdt-price-list-header bdt-grid bdt-grid-small bdt-flex-middle\" bdt-grid>\n\t\t\t\t\t\t<span class=\"bdt-price-list-title\">Visage complet<\/span>\n\n\t\t\t\t\t\t\t\t\t\t\t\t\t<span class=\"bdt-price-list-separator bdt-width-expand\"><\/span>\n\t\t\t\t\t\t\n\t\t\t\t\t<\/div>\n\n                    \t\t\t\t<\/div>\n\t\t\t<\/div>\n\t\t\t<div class=\"bdt-width-auto bdt-flex-inline\">\n\t\t\t\t<span class=\"bdt-price-list-price\">$300<\/span>\n\t\t\t<\/div>\n\n\t\t\t<\/li>\n\t\t<li class=\"bdt-price-list-item bdt-grid bdt-grid-small bdt-flex-top\" bdt-grid>\n\t\t\t<div class=\"bdt-price-list-text bdt-width-expand\">\n\t\t\t\t<div>\n\t\t\t\t\t<div class=\"bdt-price-list-header bdt-grid bdt-grid-small bdt-flex-middle\" bdt-grid>\n\t\t\t\t\t\t<span class=\"bdt-price-list-title\">Moiti\u00e9 de visage<\/span>\n\n\t\t\t\t\t\t\t\t\t\t\t\t\t<span class=\"bdt-price-list-separator bdt-width-expand\"><\/span>\n\t\t\t\t\t\t\n\t\t\t\t\t<\/div>\n\n                    \t\t\t\t<\/div>\n\t\t\t<\/div>\n\t\t\t<div class=\"bdt-width-auto bdt-flex-inline\">\n\t\t\t\t<span class=\"bdt-price-list-price\">$195<\/span>\n\t\t\t<\/div>\n\n\t\t\t<\/li>\n\t\t<li class=\"bdt-price-list-item bdt-grid bdt-grid-small bdt-flex-top\" bdt-grid>\n\t\t\t<div class=\"bdt-price-list-text bdt-width-expand\">\n\t\t\t\t<div>\n\t\t\t\t\t<div class=\"bdt-price-list-header bdt-grid bdt-grid-small bdt-flex-middle\" bdt-grid>\n\t\t\t\t\t\t<span class=\"bdt-price-list-title\">Visage, cou et torse<\/span>\n\n\t\t\t\t\t\t\t\t\t\t\t\t\t<span class=\"bdt-price-list-separator bdt-width-expand\"><\/span>\n\t\t\t\t\t\t\n\t\t\t\t\t<\/div>\n\n                    \t\t\t\t<\/div>\n\t\t\t<\/div>\n\t\t\t<div class=\"bdt-width-auto bdt-flex-inline\">\n\t\t\t\t<span class=\"bdt-price-list-price\">$475<\/span>\n\t\t\t<\/div>\n\n\t\t\t<\/li>\n\t\t<li class=\"bdt-price-list-item bdt-grid bdt-grid-small bdt-flex-top\" bdt-grid>\n\t\t\t<div class=\"bdt-price-list-text bdt-width-expand\">\n\t\t\t\t<div>\n\t\t\t\t\t<div class=\"bdt-price-list-header bdt-grid bdt-grid-small bdt-flex-middle\" bdt-grid>\n\t\t\t\t\t\t<span class=\"bdt-price-list-title\">Cou<\/span>\n\n\t\t\t\t\t\t\t\t\t\t\t\t\t<span class=\"bdt-price-list-separator bdt-width-expand\"><\/span>\n\t\t\t\t\t\t\n\t\t\t\t\t<\/div>\n\n                    \t\t\t\t<\/div>\n\t\t\t<\/div>\n\t\t\t<div class=\"bdt-width-auto bdt-flex-inline\">\n\t\t\t\t<span class=\"bdt-price-list-price\">$150<\/span>\n\t\t\t<\/div>\n\n\t\t\t<\/li>\n\t\t<li class=\"bdt-price-list-item bdt-grid bdt-grid-small bdt-flex-top\" bdt-grid>\n\t\t\t<div class=\"bdt-price-list-text bdt-width-expand\">\n\t\t\t\t<div>\n\t\t\t\t\t<div class=\"bdt-price-list-header bdt-grid bdt-grid-small bdt-flex-middle\" bdt-grid>\n\t\t\t\t\t\t<span class=\"bdt-price-list-title\">Torse<\/span>\n\n\t\t\t\t\t\t\t\t\t\t\t\t\t<span class=\"bdt-price-list-separator bdt-width-expand\"><\/span>\n\t\t\t\t\t\t\n\t\t\t\t\t<\/div>\n\n                    \t\t\t\t<\/div>\n\t\t\t<\/div>\n\t\t\t<div class=\"bdt-width-auto bdt-flex-inline\">\n\t\t\t\t<span class=\"bdt-price-list-price\">$250<\/span>\n\t\t\t<\/div>\n\n\t\t\t<\/li>\n\t\t<li class=\"bdt-price-list-item bdt-grid bdt-grid-small bdt-flex-top\" bdt-grid>\n\t\t\t<div class=\"bdt-price-list-text bdt-width-expand\">\n\t\t\t\t<div>\n\t\t\t\t\t<div class=\"bdt-price-list-header bdt-grid bdt-grid-small bdt-flex-middle\" bdt-grid>\n\t\t\t\t\t\t<span class=\"bdt-price-list-title\">Traitement de veines<\/span>\n\n\t\t\t\t\t\t\t\t\t\t\t\t\t<span class=\"bdt-price-list-separator bdt-width-expand\"><\/span>\n\t\t\t\t\t\t\n\t\t\t\t\t<\/div>\n\n                    \t\t\t\t<\/div>\n\t\t\t<\/div>\n\t\t\t<div class=\"bdt-width-auto bdt-flex-inline\">\n\t\t\t\t<span class=\"bdt-price-list-price\">$200 - $300<\/span>\n\t\t\t<\/div>\n\n\t\t\t<\/li>\n\t\t<li class=\"bdt-price-list-item bdt-grid bdt-grid-small bdt-flex-top\" bdt-grid>\n\t\t\t<div class=\"bdt-price-list-text bdt-width-expand\">\n\t\t\t\t<div>\n\t\t\t\t\t<div class=\"bdt-price-list-header bdt-grid bdt-grid-small bdt-flex-middle\" bdt-grid>\n\t\t\t\t\t\t<span class=\"bdt-price-list-title\">Lesions pigmentaires<\/span>\n\n\t\t\t\t\t\t\t\t\t\t\t\t\t<span class=\"bdt-price-list-separator bdt-width-expand\"><\/span>\n\t\t\t\t\t\t\n\t\t\t\t\t<\/div>\n\n                    \t\t\t\t<\/div>\n\t\t\t<\/div>\n\t\t\t<div class=\"bdt-width-auto bdt-flex-inline\">\n\t\t\t\t<span class=\"bdt-price-list-price\">$175<\/span>\n\t\t\t<\/div>\n\n\t\t\t<\/li>\n\t\t\n\t\t<\/ul>\n\t\t\t\t<\/div>\n\t\t\t\t<\/div>\n\t\t\t\t<div class=\"elementor-element elementor-element-231ce27 elementor-align-center elementor-widget elementor-widget-button\" data-id=\"231ce27\" data-element_type=\"widget\" data-widget_type=\"button.default\">\n\t\t\t\t<div class=\"elementor-widget-container\">\n\t\t\t\t\t<div class=\"elementor-button-wrapper\">\n\t\t\t<a href=\"http:\/\/vibessalon.mylocalsalon.com\/onlinebooking\/v7410\/Steps\/SelectServices.aspx\" class=\"elementor-button-link elementor-button elementor-size-sm\" role=\"button\">\n\t\t\t\t\t\t<span class=\"elementor-button-content-wrapper\">\n\t\t\t\t\t\t<span class=\"elementor-button-text\">Prenez rendez-vous<\/span>\n\t\t<\/span>\n\t\t\t\t\t<\/a>\n\t\t<\/div>\n\t\t\t\t<\/div>\n\t\t\t\t<\/div>\n\t\t\t\t\t\t<\/div>\n\t\t\t\t\t<\/div>\n\t\t<\/div>\n\t\t\t\t\t\t\t\t<\/div>\n\t\t\t\t\t<\/div>\n\t\t<\/section>\n\t\t\t\t<section class=\"elementor-section elementor-top-section elementor-element elementor-element-a889e5e elementor-section-full_width elementor-section-height-default elementor-section-height-default\" data-id=\"a889e5e\" data-element_type=\"section\" data-settings=\"{&quot;background_background&quot;:&quot;classic&quot;}\">\n\t\t\t\t\t\t<div class=\"elementor-container elementor-column-gap-default\">\n\t\t\t\t\t\t\t<div class=\"elementor-row\">\n\t\t\t\t\t<div class=\"elementor-column elementor-col-100 elementor-top-column elementor-element elementor-element-b750a35\" data-id=\"b750a35\" data-element_type=\"column\">\n\t\t\t<div class=\"elementor-column-wrap\">\n\t\t\t\t\t\t\t<div class=\"elementor-widget-wrap\">\n\t\t\t\t\t\t\t\t<\/div>\n\t\t\t\t\t<\/div>\n\t\t<\/div>\n\t\t\t\t\t\t\t\t<\/div>\n\t\t\t\t\t<\/div>\n\t\t<\/section>\n\t\t\t\t\t\t<\/div>\n\t\t\t\t\t\t<\/div>\n\t\t\t\t\t<\/div>\n\t\t","protected":false},"excerpt":{"rendered":"<p>Clarity 2, Photo Rajeunissement Effacez. Renouvelez. Rayonnez. Clarity 2 Rajeunissement est un traitement laser de pointe con\u00e7u pour traiter plusieurs pr\u00e9occupations cutan\u00e9es en un seul syst\u00e8me performant. Gr\u00e2ce \u00e0 une \u00e9nergie lumineuse pr\u00e9cise, il cible et traite les signes du vieillissement, les l\u00e9sions pigmentaires telles que les taches solaires et les taches de vieillesse, ainsi &hellip;<\/p>\n<p class=\"read-more\"> <a class=\"\" href=\"https:\/\/vibesspa.ca\/fr\/photo-rajeunissement\/\"> <span class=\"screen-reader-text\">Clarity 2 Photo Rajeunissement<\/span> Lire la suite\u00a0\u00bb<\/a><\/p>\n","protected":false},"author":2,"featured_media":3485,"parent":0,"menu_order":0,"comment_status":"closed","ping_status":"closed","template":"","meta":{"site-sidebar-layout":"no-sidebar","site-content-layout":"page-builder","ast-global-header-display":"","ast-main-header-display":"disabled","ast-hfb-above-header-display":"","ast-hfb-below-header-display":"","ast-hfb-mobile-header-display":"","site-post-title":"disabled","ast-breadcrumbs-content":"","ast-featured-img":"disabled","footer-sml-layout":"","theme-transparent-header-meta":"default","adv-header-id-meta":"","stick-header-meta":"","header-above-stick-meta":"","header-main-stick-meta":"","header-below-stick-meta":"","footnotes":""},"class_list":["post-3449","page","type-page","status-publish","has-post-thumbnail","hentry"],"yoast_head":"<!-- This site is optimized with the Yoast SEO Premium plugin v20.1 (Yoast SEO v20.1) - https:\/\/yoast.com\/wordpress\/plugins\/seo\/ -->\n<title>Clarity 2 Photo Rajeunissement &ndash; West Island, Montreal &ndash; Vibes Spa<\/title>\n<meta name=\"description\" content=\"Clarity 2 Rajeunissement est un traitement laser de pointe con\u00e7u pour traiter traite les signes du vieillissement, les l\u00e9sions pigmentaires.\" \/>\n<meta name=\"robots\" content=\"index, follow, max-snippet:-1, max-image-preview:large, max-video-preview:-1\" \/>\n<link rel=\"canonical\" href=\"https:\/\/vibesspa.ca\/fr\/photo-rajeunissement\/\" \/>\n<meta property=\"og:locale\" content=\"fr_FR\" \/>\n<meta property=\"og:type\" content=\"article\" \/>\n<meta property=\"og:title\" content=\"Clarity 2 Photo Rajeunissement\" \/>\n<meta property=\"og:description\" content=\"Clarity 2 Rajeunissement est un traitement laser de pointe con\u00e7u pour traiter traite les signes du vieillissement, les l\u00e9sions pigmentaires.\" \/>\n<meta property=\"og:url\" content=\"https:\/\/vibesspa.ca\/fr\/photo-rajeunissement\/\" \/>\n<meta property=\"og:site_name\" content=\"Vibes Spa\" \/>\n<meta property=\"article:modified_time\" content=\"2025-12-17T21:44:19+00:00\" \/>\n<meta property=\"og:image\" content=\"https:\/\/vibesspa.ca\/wp-content\/uploads\/2025\/12\/rejuvenation-2-scaled.jpeg\" \/>\n\t<meta property=\"og:image:width\" content=\"2560\" \/>\n\t<meta property=\"og:image:height\" content=\"1463\" \/>\n\t<meta property=\"og:image:type\" content=\"image\/jpeg\" \/>\n<meta name=\"twitter:card\" content=\"summary_large_image\" \/>\n<meta name=\"twitter:label1\" content=\"Dur\u00e9e de lecture estim\u00e9e\" \/>\n\t<meta name=\"twitter:data1\" content=\"2 minutes\" \/>\n<script type=\"application\/ld+json\" class=\"yoast-schema-graph\">{\"@context\":\"https:\/\/schema.org\",\"@graph\":[{\"@type\":\"WebPage\",\"@id\":\"https:\/\/vibesspa.ca\/fr\/photo-rajeunissement\/\",\"url\":\"https:\/\/vibesspa.ca\/fr\/photo-rajeunissement\/\",\"name\":\"Clarity 2 Photo Rajeunissement &ndash; West Island, Montreal &ndash; Vibes Spa\",\"isPartOf\":{\"@id\":\"https:\/\/vibesspa.ca\/fr\/#website\"},\"datePublished\":\"2025-12-16T08:50:17+00:00\",\"dateModified\":\"2025-12-17T21:44:19+00:00\",\"description\":\"Clarity 2 Rajeunissement est un traitement laser de pointe con\u00e7u pour traiter traite les signes du vieillissement, les l\u00e9sions pigmentaires.\",\"breadcrumb\":{\"@id\":\"https:\/\/vibesspa.ca\/fr\/photo-rajeunissement\/#breadcrumb\"},\"inLanguage\":\"fr-FR\",\"potentialAction\":[{\"@type\":\"ReadAction\",\"target\":[\"https:\/\/vibesspa.ca\/fr\/photo-rajeunissement\/\"]}]},{\"@type\":\"BreadcrumbList\",\"@id\":\"https:\/\/vibesspa.ca\/fr\/photo-rajeunissement\/#breadcrumb\",\"itemListElement\":[{\"@type\":\"ListItem\",\"position\":1,\"name\":\"Home\",\"item\":\"https:\/\/vibesspa.ca\/fr\/\"},{\"@type\":\"ListItem\",\"position\":2,\"name\":\"Clarity 2 Photo Rajeunissement\"}]},{\"@type\":\"WebSite\",\"@id\":\"https:\/\/vibesspa.ca\/fr\/#website\",\"url\":\"https:\/\/vibesspa.ca\/fr\/\",\"name\":\"Vibes Spa\",\"description\":\"On-The-Go Spa Services\",\"publisher\":{\"@id\":\"https:\/\/vibesspa.ca\/fr\/#organization\"},\"alternateName\":\"On-the-go SPA West Island, Montreal\",\"potentialAction\":[{\"@type\":\"SearchAction\",\"target\":{\"@type\":\"EntryPoint\",\"urlTemplate\":\"https:\/\/vibesspa.ca\/fr\/?s={search_term_string}\"},\"query-input\":\"required name=search_term_string\"}],\"inLanguage\":\"fr-FR\"},{\"@type\":\"Organization\",\"@id\":\"https:\/\/vibesspa.ca\/fr\/#organization\",\"name\":\"Vibes Spa\",\"url\":\"https:\/\/vibesspa.ca\/fr\/\",\"logo\":{\"@type\":\"ImageObject\",\"inLanguage\":\"fr-FR\",\"@id\":\"https:\/\/vibesspa.ca\/fr\/#\/schema\/logo\/image\/\",\"url\":\"https:\/\/vibesspa.ca\/wp-content\/uploads\/2020\/11\/logo.png\",\"contentUrl\":\"https:\/\/vibesspa.ca\/wp-content\/uploads\/2020\/11\/logo.png\",\"width\":542,\"height\":250,\"caption\":\"Vibes Spa\"},\"image\":{\"@id\":\"https:\/\/vibesspa.ca\/fr\/#\/schema\/logo\/image\/\"}}]}<\/script>\n<!-- \/ Yoast SEO Premium plugin. -->","yoast_head_json":{"title":"Clarity 2 Photo Rajeunissement &ndash; West Island, Montreal &ndash; Vibes Spa","description":"Clarity 2 Rajeunissement est un traitement laser de pointe con\u00e7u pour traiter traite les signes du vieillissement, les l\u00e9sions pigmentaires.","robots":{"index":"index","follow":"follow","max-snippet":"max-snippet:-1","max-image-preview":"max-image-preview:large","max-video-preview":"max-video-preview:-1"},"canonical":"https:\/\/vibesspa.ca\/fr\/photo-rajeunissement\/","og_locale":"fr_FR","og_type":"article","og_title":"Clarity 2 Photo Rajeunissement","og_description":"Clarity 2 Rajeunissement est un traitement laser de pointe con\u00e7u pour traiter traite les signes du vieillissement, les l\u00e9sions pigmentaires.","og_url":"https:\/\/vibesspa.ca\/fr\/photo-rajeunissement\/","og_site_name":"Vibes Spa","article_modified_time":"2025-12-17T21:44:19+00:00","og_image":[{"width":2560,"height":1463,"url":"https:\/\/vibesspa.ca\/wp-content\/uploads\/2025\/12\/rejuvenation-2-scaled.jpeg","type":"image\/jpeg"}],"twitter_card":"summary_large_image","twitter_misc":{"Dur\u00e9e de lecture estim\u00e9e":"2 minutes"},"schema":{"@context":"https:\/\/schema.org","@graph":[{"@type":"WebPage","@id":"https:\/\/vibesspa.ca\/fr\/photo-rajeunissement\/","url":"https:\/\/vibesspa.ca\/fr\/photo-rajeunissement\/","name":"Clarity 2 Photo Rajeunissement &ndash; West Island, Montreal &ndash; Vibes Spa","isPartOf":{"@id":"https:\/\/vibesspa.ca\/fr\/#website"},"datePublished":"2025-12-16T08:50:17+00:00","dateModified":"2025-12-17T21:44:19+00:00","description":"Clarity 2 Rajeunissement est un traitement laser de pointe con\u00e7u pour traiter traite les signes du vieillissement, les l\u00e9sions pigmentaires.","breadcrumb":{"@id":"https:\/\/vibesspa.ca\/fr\/photo-rajeunissement\/#breadcrumb"},"inLanguage":"fr-FR","potentialAction":[{"@type":"ReadAction","target":["https:\/\/vibesspa.ca\/fr\/photo-rajeunissement\/"]}]},{"@type":"BreadcrumbList","@id":"https:\/\/vibesspa.ca\/fr\/photo-rajeunissement\/#breadcrumb","itemListElement":[{"@type":"ListItem","position":1,"name":"Home","item":"https:\/\/vibesspa.ca\/fr\/"},{"@type":"ListItem","position":2,"name":"Clarity 2 Photo Rajeunissement"}]},{"@type":"WebSite","@id":"https:\/\/vibesspa.ca\/fr\/#website","url":"https:\/\/vibesspa.ca\/fr\/","name":"Vibes Spa","description":"On-The-Go Spa Services","publisher":{"@id":"https:\/\/vibesspa.ca\/fr\/#organization"},"alternateName":"On-the-go SPA West Island, Montreal","potentialAction":[{"@type":"SearchAction","target":{"@type":"EntryPoint","urlTemplate":"https:\/\/vibesspa.ca\/fr\/?s={search_term_string}"},"query-input":"required name=search_term_string"}],"inLanguage":"fr-FR"},{"@type":"Organization","@id":"https:\/\/vibesspa.ca\/fr\/#organization","name":"Vibes Spa","url":"https:\/\/vibesspa.ca\/fr\/","logo":{"@type":"ImageObject","inLanguage":"fr-FR","@id":"https:\/\/vibesspa.ca\/fr\/#\/schema\/logo\/image\/","url":"https:\/\/vibesspa.ca\/wp-content\/uploads\/2020\/11\/logo.png","contentUrl":"https:\/\/vibesspa.ca\/wp-content\/uploads\/2020\/11\/logo.png","width":542,"height":250,"caption":"Vibes Spa"},"image":{"@id":"https:\/\/vibesspa.ca\/fr\/#\/schema\/logo\/image\/"}}]}},"_links":{"self":[{"href":"https:\/\/vibesspa.ca\/fr\/wp-json\/wp\/v2\/pages\/3449","targetHints":{"allow":["GET"]}}],"collection":[{"href":"https:\/\/vibesspa.ca\/fr\/wp-json\/wp\/v2\/pages"}],"about":[{"href":"https:\/\/vibesspa.ca\/fr\/wp-json\/wp\/v2\/types\/page"}],"author":[{"embeddable":true,"href":"https:\/\/vibesspa.ca\/fr\/wp-json\/wp\/v2\/users\/2"}],"replies":[{"embeddable":true,"href":"https:\/\/vibesspa.ca\/fr\/wp-json\/wp\/v2\/comments?post=3449"}],"version-history":[{"count":16,"href":"https:\/\/vibesspa.ca\/fr\/wp-json\/wp\/v2\/pages\/3449\/revisions"}],"predecessor-version":[{"id":3636,"href":"https:\/\/vibesspa.ca\/fr\/wp-json\/wp\/v2\/pages\/3449\/revisions\/3636"}],"wp:featuredmedia":[{"embeddable":true,"href":"https:\/\/vibesspa.ca\/fr\/wp-json\/wp\/v2\/media\/3485"}],"wp:attachment":[{"href":"https:\/\/vibesspa.ca\/fr\/wp-json\/wp\/v2\/media?parent=3449"}],"curies":[{"name":"wp","href":"https:\/\/api.w.org\/{rel}","templated":true}]}}