{"id":2667,"date":"2021-08-23T09:54:02","date_gmt":"2021-08-23T09:54:02","guid":{"rendered":"https:\/\/vibesspa.ca\/?page_id=2667"},"modified":"2025-12-17T10:41:08","modified_gmt":"2025-12-17T10:41:08","slug":"micro-aiguillage","status":"publish","type":"page","link":"https:\/\/vibesspa.ca\/fr\/micro-aiguillage\/","title":{"rendered":"Micro Aiguillage"},"content":{"rendered":"\t\t<div data-elementor-type=\"wp-post\" data-elementor-id=\"2667\" class=\"elementor elementor-2667 elementor-2666\" data-elementor-settings=\"[]\">\n\t\t\t\t\t\t<div class=\"elementor-inner\">\n\t\t\t\t\t\t\t<div class=\"elementor-section-wrap\">\n\t\t\t\t\t\t\t<section class=\"elementor-section elementor-top-section elementor-element elementor-element-6384860 elementor-section-content-middle elementor-reverse-tablet elementor-reverse-mobile elementor-section-full_width elementor-section-height-default elementor-section-height-default\" data-id=\"6384860\" data-element_type=\"section\" data-settings=\"{&quot;background_background&quot;:&quot;classic&quot;}\">\n\t\t\t\t\t\t\t<div class=\"elementor-background-overlay\"><\/div>\n\t\t\t\t\t\t\t<div class=\"elementor-container elementor-column-gap-default\">\n\t\t\t\t\t\t\t<div class=\"elementor-row\">\n\t\t\t\t\t<div class=\"elementor-column elementor-col-100 elementor-top-column elementor-element elementor-element-161fa0d\" data-id=\"161fa0d\" data-element_type=\"column\">\n\t\t\t<div class=\"elementor-column-wrap elementor-element-populated\">\n\t\t\t\t\t\t\t<div class=\"elementor-widget-wrap\">\n\t\t\t\t\t\t<div class=\"elementor-element elementor-element-905f8d6 elementor-relative elementor-widget elementor-widget-heading\" data-id=\"905f8d6\" data-element_type=\"widget\" data-settings=\"{&quot;pafe_position_mobile&quot;:&quot;relative&quot;}\" data-widget_type=\"heading.default\">\n\t\t\t\t<div class=\"elementor-widget-container\">\n\t\t\t<h1 class=\"elementor-heading-title elementor-size-default\">MICRO-AIGUILLAGE<\/h1>\t\t<\/div>\n\t\t\t\t<\/div>\n\t\t\t\t<div class=\"elementor-element elementor-element-efa08fe elementor-widget elementor-widget-image\" data-id=\"efa08fe\" data-element_type=\"widget\" data-widget_type=\"image.default\">\n\t\t\t\t<div class=\"elementor-widget-container\">\n\t\t\t\t\t<div class=\"elementor-image\">\n\t\t\t\t\t\t\t\t\t\t<img loading=\"lazy\" decoding=\"async\" width=\"1000\" height=\"666\" src=\"https:\/\/vibesspa.ca\/wp-content\/uploads\/2021\/09\/microneedling-hi-res.jpg\" class=\"attachment-full size-full\" alt=\"\" srcset=\"https:\/\/vibesspa.ca\/wp-content\/uploads\/2021\/09\/microneedling-hi-res.jpg 1000w, https:\/\/vibesspa.ca\/wp-content\/uploads\/2021\/09\/microneedling-hi-res-300x200.jpg 300w, https:\/\/vibesspa.ca\/wp-content\/uploads\/2021\/09\/microneedling-hi-res-768x511.jpg 768w\" sizes=\"auto, (max-width: 1000px) 100vw, 1000px\" \/>\t\t\t\t\t\t\t\t\t\t\t<\/div>\n\t\t\t\t<\/div>\n\t\t\t\t<\/div>\n\t\t\t\t\t\t<\/div>\n\t\t\t\t\t<\/div>\n\t\t<\/div>\n\t\t\t\t\t\t\t\t<\/div>\n\t\t\t\t\t<\/div>\n\t\t<\/section>\n\t\t\t\t<section class=\"elementor-section elementor-top-section elementor-element elementor-element-aba73dc elementor-section-content-middle elementor-reverse-tablet elementor-reverse-mobile elementor-section-full_width elementor-section-height-default elementor-section-height-default\" data-id=\"aba73dc\" data-element_type=\"section\" data-settings=\"{&quot;background_background&quot;:&quot;classic&quot;}\">\n\t\t\t\t\t\t\t<div class=\"elementor-background-overlay\"><\/div>\n\t\t\t\t\t\t\t<div class=\"elementor-container elementor-column-gap-default\">\n\t\t\t\t\t\t\t<div class=\"elementor-row\">\n\t\t\t\t\t<div class=\"elementor-column elementor-col-100 elementor-top-column elementor-element elementor-element-263dded\" data-id=\"263dded\" data-element_type=\"column\">\n\t\t\t<div class=\"elementor-column-wrap elementor-element-populated\">\n\t\t\t\t\t\t\t<div class=\"elementor-widget-wrap\">\n\t\t\t\t\t\t<div class=\"elementor-element elementor-element-52507eb elementor-widget elementor-widget-heading\" data-id=\"52507eb\" data-element_type=\"widget\" data-widget_type=\"heading.default\">\n\t\t\t\t<div class=\"elementor-widget-container\">\n\t\t\t<h2 class=\"elementor-heading-title elementor-size-default\">MICRO-AIGUILLAGE #collagen #peaudouce<\/h2>\t\t<\/div>\n\t\t\t\t<\/div>\n\t\t\t\t<div class=\"elementor-element elementor-element-916d0ff elementor-widget elementor-widget-text-editor\" data-id=\"916d0ff\" data-element_type=\"widget\" data-widget_type=\"text-editor.default\">\n\t\t\t\t<div class=\"elementor-widget-container\">\n\t\t\t\t\t<div class=\"elementor-text-editor elementor-clearfix\">Le but du micro-aiguillage est de g\u00e9n\u00e9rer de nouveaux tissus de collag\u00e8ne pour une peau douce, ferme et tonique.\nLe micro-aiguillage est principalement utilis\u00e9 sur le visage et peut traiter diverses cicatrices, rides et pores \u00e9largis. c&#8217;est s\u00e9cure, non-invasif et ne n\u00e9cessite aucun temps d&#8217;arr\u00eat.<\/div>\n\t\t\t\t<\/div>\n\t\t\t\t<\/div>\n\t\t\t\t\t\t<\/div>\n\t\t\t\t\t<\/div>\n\t\t<\/div>\n\t\t\t\t\t\t\t\t<\/div>\n\t\t\t\t\t<\/div>\n\t\t<\/section>\n\t\t\t\t<section class=\"elementor-section elementor-top-section elementor-element elementor-element-34de3ef elementor-section-boxed elementor-section-height-default elementor-section-height-default\" data-id=\"34de3ef\" data-element_type=\"section\">\n\t\t\t\t\t\t<div class=\"elementor-container elementor-column-gap-default\">\n\t\t\t\t\t\t\t<div class=\"elementor-row\">\n\t\t\t\t\t<div class=\"elementor-column elementor-col-100 elementor-top-column elementor-element elementor-element-19cf340\" data-id=\"19cf340\" data-element_type=\"column\">\n\t\t\t<div class=\"elementor-column-wrap elementor-element-populated\">\n\t\t\t\t\t\t\t<div class=\"elementor-widget-wrap\">\n\t\t\t\t\t\t<div class=\"elementor-element elementor-element-a2cdc30 elementor-widget elementor-widget-bdt-price-list\" data-id=\"a2cdc30\" data-element_type=\"widget\" data-widget_type=\"bdt-price-list.default\">\n\t\t\t\t<div class=\"elementor-widget-container\">\n\t\t\t\t\t<ul class=\"bdt-price-list\">\n\n\t\t<li class=\"bdt-price-list-item bdt-grid bdt-grid-small bdt-flex-top\" bdt-grid>\n\t\t\t<div class=\"bdt-price-list-text bdt-width-expand\">\n\t\t\t\t<div>\n\t\t\t\t\t<div class=\"bdt-price-list-header bdt-grid bdt-grid-small bdt-flex-middle\" bdt-grid>\n\t\t\t\t\t\t<span class=\"bdt-price-list-title\">Micro-aiguillage regulier<\/span>\n\n\t\t\t\t\t\t\t\t\t\t\t\t\t<span class=\"bdt-price-list-separator bdt-width-expand\"><\/span>\n\t\t\t\t\t\t\n\t\t\t\t\t<\/div>\n\n                                            <p class=\"bdt-price-list-description\">prix par session<\/p>\n                    \t\t\t\t<\/div>\n\t\t\t<\/div>\n\t\t\t<div class=\"bdt-width-auto bdt-flex-inline\">\n\t\t\t\t<span class=\"bdt-price-list-price\">$200<\/span>\n\t\t\t<\/div>\n\n\t\t\t<\/li>\n\t\t<li class=\"bdt-price-list-item bdt-grid bdt-grid-small bdt-flex-top\" bdt-grid>\n\t\t\t<div class=\"bdt-price-list-text bdt-width-expand\">\n\t\t\t\t<div>\n\t\t\t\t\t<div class=\"bdt-price-list-header bdt-grid bdt-grid-small bdt-flex-middle\" bdt-grid>\n\t\t\t\t\t\t<span class=\"bdt-price-list-title\">Micro-aiguillage Exosomes<\/span>\n\n\t\t\t\t\t\t\t\t\t\t\t\t\t<span class=\"bdt-price-list-separator bdt-width-expand\"><\/span>\n\t\t\t\t\t\t\n\t\t\t\t\t<\/div>\n\n                                            <p class=\"bdt-price-list-description\">prix par session<\/p>\n                    \t\t\t\t<\/div>\n\t\t\t<\/div>\n\t\t\t<div class=\"bdt-width-auto bdt-flex-inline\">\n\t\t\t\t<span class=\"bdt-price-list-price\">$400<\/span>\n\t\t\t<\/div>\n\n\t\t\t<\/li>\n\t\t\n\t\t<\/ul>\n\t\t\t\t<\/div>\n\t\t\t\t<\/div>\n\t\t\t\t<div class=\"elementor-element elementor-element-fd99e11 elementor-align-center elementor-widget elementor-widget-button\" data-id=\"fd99e11\" data-element_type=\"widget\" data-widget_type=\"button.default\">\n\t\t\t\t<div class=\"elementor-widget-container\">\n\t\t\t\t\t<div class=\"elementor-button-wrapper\">\n\t\t\t<a href=\"http:\/\/vibessalon.mylocalsalon.com\/onlinebooking\/v7410\/Steps\/SelectServices.aspx\" class=\"elementor-button-link elementor-button elementor-size-sm\" role=\"button\">\n\t\t\t\t\t\t<span class=\"elementor-button-content-wrapper\">\n\t\t\t\t\t\t<span class=\"elementor-button-text\">PRENEZ RENDEZ-VOUS<\/span>\n\t\t<\/span>\n\t\t\t\t\t<\/a>\n\t\t<\/div>\n\t\t\t\t<\/div>\n\t\t\t\t<\/div>\n\t\t\t\t\t\t<\/div>\n\t\t\t\t\t<\/div>\n\t\t<\/div>\n\t\t\t\t\t\t\t\t<\/div>\n\t\t\t\t\t<\/div>\n\t\t<\/section>\n\t\t\t\t<section class=\"elementor-section elementor-top-section elementor-element elementor-element-a889e5e elementor-section-full_width elementor-section-height-default elementor-section-height-default\" data-id=\"a889e5e\" data-element_type=\"section\" data-settings=\"{&quot;background_background&quot;:&quot;classic&quot;}\">\n\t\t\t\t\t\t<div class=\"elementor-container elementor-column-gap-default\">\n\t\t\t\t\t\t\t<div class=\"elementor-row\">\n\t\t\t\t\t<div class=\"elementor-column elementor-col-100 elementor-top-column elementor-element elementor-element-b750a35\" data-id=\"b750a35\" data-element_type=\"column\">\n\t\t\t<div class=\"elementor-column-wrap\">\n\t\t\t\t\t\t\t<div class=\"elementor-widget-wrap\">\n\t\t\t\t\t\t\t\t<\/div>\n\t\t\t\t\t<\/div>\n\t\t<\/div>\n\t\t\t\t\t\t\t\t<\/div>\n\t\t\t\t\t<\/div>\n\t\t<\/section>\n\t\t\t\t\t\t<\/div>\n\t\t\t\t\t\t<\/div>\n\t\t\t\t\t<\/div>\n\t\t","protected":false},"excerpt":{"rendered":"<p>MICRO-AIGUILLAGE MICRO-AIGUILLAGE #collagen #peaudouce Le but du micro-aiguillage est de g\u00e9n\u00e9rer de nouveaux tissus de collag\u00e8ne pour une peau douce, ferme et tonique. Le micro-aiguillage est principalement utilis\u00e9 sur le visage et peut traiter diverses cicatrices, rides et pores \u00e9largis. c&#8217;est s\u00e9cure, non-invasif et ne n\u00e9cessite aucun temps d&#8217;arr\u00eat. Micro-aiguillage regulier prix par session $200 &hellip;<\/p>\n<p class=\"read-more\"> <a class=\"\" href=\"https:\/\/vibesspa.ca\/fr\/micro-aiguillage\/\"> <span class=\"screen-reader-text\">Micro Aiguillage<\/span> Lire la suite\u00a0\u00bb<\/a><\/p>\n","protected":false},"author":2,"featured_media":2763,"parent":0,"menu_order":0,"comment_status":"closed","ping_status":"closed","template":"elementor_header_footer","meta":{"site-sidebar-layout":"no-sidebar","site-content-layout":"page-builder","ast-global-header-display":"","ast-main-header-display":"disabled","ast-hfb-above-header-display":"","ast-hfb-below-header-display":"","ast-hfb-mobile-header-display":"","site-post-title":"disabled","ast-breadcrumbs-content":"","ast-featured-img":"disabled","footer-sml-layout":"","theme-transparent-header-meta":"default","adv-header-id-meta":"","stick-header-meta":"","header-above-stick-meta":"","header-main-stick-meta":"","header-below-stick-meta":"","footnotes":""},"class_list":["post-2667","page","type-page","status-publish","has-post-thumbnail","hentry"],"yoast_head":"<!-- This site is optimized with the Yoast SEO Premium plugin v20.1 (Yoast SEO v20.1) - https:\/\/yoast.com\/wordpress\/plugins\/seo\/ -->\n<title>Micro Aiguillage &ndash; Vibes Spa<\/title>\n<meta name=\"description\" content=\"Nouveaux tissus de collag\u00e8ne pour une peau douce, ferme et tonique. C\u2019est s\u00e9cure, non invasif et aucun temps d\u2019arr\u00eat. R\u00e9servez (514) 626-3987\" \/>\n<meta name=\"robots\" content=\"index, follow, max-snippet:-1, max-image-preview:large, max-video-preview:-1\" \/>\n<link rel=\"canonical\" href=\"https:\/\/vibesspa.ca\/fr\/micro-aiguillage\/\" \/>\n<meta property=\"og:locale\" content=\"fr_FR\" \/>\n<meta property=\"og:type\" content=\"article\" \/>\n<meta property=\"og:title\" content=\"Micro Aiguillage\" \/>\n<meta property=\"og:description\" content=\"Nouveaux tissus de collag\u00e8ne pour une peau douce, ferme et tonique. C\u2019est s\u00e9cure, non invasif et aucun temps d\u2019arr\u00eat. R\u00e9servez (514) 626-3987\" \/>\n<meta property=\"og:url\" content=\"https:\/\/vibesspa.ca\/fr\/micro-aiguillage\/\" \/>\n<meta property=\"og:site_name\" content=\"Vibes Spa\" \/>\n<meta property=\"article:modified_time\" content=\"2025-12-17T10:41:08+00:00\" \/>\n<meta property=\"og:image\" content=\"https:\/\/vibesspa.ca\/wp-content\/uploads\/2021\/09\/microneedling-hi-res.jpg\" \/>\n\t<meta property=\"og:image:width\" content=\"1000\" \/>\n\t<meta property=\"og:image:height\" content=\"666\" \/>\n\t<meta property=\"og:image:type\" content=\"image\/jpeg\" \/>\n<meta name=\"twitter:card\" content=\"summary_large_image\" \/>\n<meta name=\"twitter:label1\" content=\"Dur\u00e9e de lecture estim\u00e9e\" \/>\n\t<meta name=\"twitter:data1\" content=\"1 minute\" \/>\n<script type=\"application\/ld+json\" class=\"yoast-schema-graph\">{\"@context\":\"https:\/\/schema.org\",\"@graph\":[{\"@type\":\"WebPage\",\"@id\":\"https:\/\/vibesspa.ca\/fr\/micro-aiguillage\/\",\"url\":\"https:\/\/vibesspa.ca\/fr\/micro-aiguillage\/\",\"name\":\"Micro Aiguillage &ndash; Vibes Spa\",\"isPartOf\":{\"@id\":\"https:\/\/vibesspa.ca\/fr\/#website\"},\"datePublished\":\"2021-08-23T09:54:02+00:00\",\"dateModified\":\"2025-12-17T10:41:08+00:00\",\"description\":\"Nouveaux tissus de collag\u00e8ne pour une peau douce, ferme et tonique. C\u2019est s\u00e9cure, non invasif et aucun temps d\u2019arr\u00eat. R\u00e9servez (514) 626-3987\",\"breadcrumb\":{\"@id\":\"https:\/\/vibesspa.ca\/fr\/micro-aiguillage\/#breadcrumb\"},\"inLanguage\":\"fr-FR\",\"potentialAction\":[{\"@type\":\"ReadAction\",\"target\":[\"https:\/\/vibesspa.ca\/fr\/micro-aiguillage\/\"]}]},{\"@type\":\"BreadcrumbList\",\"@id\":\"https:\/\/vibesspa.ca\/fr\/micro-aiguillage\/#breadcrumb\",\"itemListElement\":[{\"@type\":\"ListItem\",\"position\":1,\"name\":\"Home\",\"item\":\"https:\/\/vibesspa.ca\/fr\/\"},{\"@type\":\"ListItem\",\"position\":2,\"name\":\"Micro Aiguillage\"}]},{\"@type\":\"WebSite\",\"@id\":\"https:\/\/vibesspa.ca\/fr\/#website\",\"url\":\"https:\/\/vibesspa.ca\/fr\/\",\"name\":\"Vibes Spa\",\"description\":\"On-The-Go Spa Services\",\"publisher\":{\"@id\":\"https:\/\/vibesspa.ca\/fr\/#organization\"},\"alternateName\":\"On-the-go SPA West Island, Montreal\",\"potentialAction\":[{\"@type\":\"SearchAction\",\"target\":{\"@type\":\"EntryPoint\",\"urlTemplate\":\"https:\/\/vibesspa.ca\/fr\/?s={search_term_string}\"},\"query-input\":\"required name=search_term_string\"}],\"inLanguage\":\"fr-FR\"},{\"@type\":\"Organization\",\"@id\":\"https:\/\/vibesspa.ca\/fr\/#organization\",\"name\":\"Vibes Spa\",\"url\":\"https:\/\/vibesspa.ca\/fr\/\",\"logo\":{\"@type\":\"ImageObject\",\"inLanguage\":\"fr-FR\",\"@id\":\"https:\/\/vibesspa.ca\/fr\/#\/schema\/logo\/image\/\",\"url\":\"https:\/\/vibesspa.ca\/wp-content\/uploads\/2020\/11\/logo.png\",\"contentUrl\":\"https:\/\/vibesspa.ca\/wp-content\/uploads\/2020\/11\/logo.png\",\"width\":542,\"height\":250,\"caption\":\"Vibes Spa\"},\"image\":{\"@id\":\"https:\/\/vibesspa.ca\/fr\/#\/schema\/logo\/image\/\"}}]}<\/script>\n<!-- \/ Yoast SEO Premium plugin. -->","yoast_head_json":{"title":"Micro Aiguillage &ndash; Vibes Spa","description":"Nouveaux tissus de collag\u00e8ne pour une peau douce, ferme et tonique. C\u2019est s\u00e9cure, non invasif et aucun temps d\u2019arr\u00eat. R\u00e9servez (514) 626-3987","robots":{"index":"index","follow":"follow","max-snippet":"max-snippet:-1","max-image-preview":"max-image-preview:large","max-video-preview":"max-video-preview:-1"},"canonical":"https:\/\/vibesspa.ca\/fr\/micro-aiguillage\/","og_locale":"fr_FR","og_type":"article","og_title":"Micro Aiguillage","og_description":"Nouveaux tissus de collag\u00e8ne pour une peau douce, ferme et tonique. C\u2019est s\u00e9cure, non invasif et aucun temps d\u2019arr\u00eat. R\u00e9servez (514) 626-3987","og_url":"https:\/\/vibesspa.ca\/fr\/micro-aiguillage\/","og_site_name":"Vibes Spa","article_modified_time":"2025-12-17T10:41:08+00:00","og_image":[{"width":1000,"height":666,"url":"https:\/\/vibesspa.ca\/wp-content\/uploads\/2021\/09\/microneedling-hi-res.jpg","type":"image\/jpeg"}],"twitter_card":"summary_large_image","twitter_misc":{"Dur\u00e9e de lecture estim\u00e9e":"1 minute"},"schema":{"@context":"https:\/\/schema.org","@graph":[{"@type":"WebPage","@id":"https:\/\/vibesspa.ca\/fr\/micro-aiguillage\/","url":"https:\/\/vibesspa.ca\/fr\/micro-aiguillage\/","name":"Micro Aiguillage &ndash; Vibes Spa","isPartOf":{"@id":"https:\/\/vibesspa.ca\/fr\/#website"},"datePublished":"2021-08-23T09:54:02+00:00","dateModified":"2025-12-17T10:41:08+00:00","description":"Nouveaux tissus de collag\u00e8ne pour une peau douce, ferme et tonique. C\u2019est s\u00e9cure, non invasif et aucun temps d\u2019arr\u00eat. R\u00e9servez (514) 626-3987","breadcrumb":{"@id":"https:\/\/vibesspa.ca\/fr\/micro-aiguillage\/#breadcrumb"},"inLanguage":"fr-FR","potentialAction":[{"@type":"ReadAction","target":["https:\/\/vibesspa.ca\/fr\/micro-aiguillage\/"]}]},{"@type":"BreadcrumbList","@id":"https:\/\/vibesspa.ca\/fr\/micro-aiguillage\/#breadcrumb","itemListElement":[{"@type":"ListItem","position":1,"name":"Home","item":"https:\/\/vibesspa.ca\/fr\/"},{"@type":"ListItem","position":2,"name":"Micro Aiguillage"}]},{"@type":"WebSite","@id":"https:\/\/vibesspa.ca\/fr\/#website","url":"https:\/\/vibesspa.ca\/fr\/","name":"Vibes Spa","description":"On-The-Go Spa Services","publisher":{"@id":"https:\/\/vibesspa.ca\/fr\/#organization"},"alternateName":"On-the-go SPA West Island, Montreal","potentialAction":[{"@type":"SearchAction","target":{"@type":"EntryPoint","urlTemplate":"https:\/\/vibesspa.ca\/fr\/?s={search_term_string}"},"query-input":"required name=search_term_string"}],"inLanguage":"fr-FR"},{"@type":"Organization","@id":"https:\/\/vibesspa.ca\/fr\/#organization","name":"Vibes Spa","url":"https:\/\/vibesspa.ca\/fr\/","logo":{"@type":"ImageObject","inLanguage":"fr-FR","@id":"https:\/\/vibesspa.ca\/fr\/#\/schema\/logo\/image\/","url":"https:\/\/vibesspa.ca\/wp-content\/uploads\/2020\/11\/logo.png","contentUrl":"https:\/\/vibesspa.ca\/wp-content\/uploads\/2020\/11\/logo.png","width":542,"height":250,"caption":"Vibes Spa"},"image":{"@id":"https:\/\/vibesspa.ca\/fr\/#\/schema\/logo\/image\/"}}]}},"_links":{"self":[{"href":"https:\/\/vibesspa.ca\/fr\/wp-json\/wp\/v2\/pages\/2667","targetHints":{"allow":["GET"]}}],"collection":[{"href":"https:\/\/vibesspa.ca\/fr\/wp-json\/wp\/v2\/pages"}],"about":[{"href":"https:\/\/vibesspa.ca\/fr\/wp-json\/wp\/v2\/types\/page"}],"author":[{"embeddable":true,"href":"https:\/\/vibesspa.ca\/fr\/wp-json\/wp\/v2\/users\/2"}],"replies":[{"embeddable":true,"href":"https:\/\/vibesspa.ca\/fr\/wp-json\/wp\/v2\/comments?post=2667"}],"version-history":[{"count":15,"href":"https:\/\/vibesspa.ca\/fr\/wp-json\/wp\/v2\/pages\/2667\/revisions"}],"predecessor-version":[{"id":3569,"href":"https:\/\/vibesspa.ca\/fr\/wp-json\/wp\/v2\/pages\/2667\/revisions\/3569"}],"wp:featuredmedia":[{"embeddable":true,"href":"https:\/\/vibesspa.ca\/fr\/wp-json\/wp\/v2\/media\/2763"}],"wp:attachment":[{"href":"https:\/\/vibesspa.ca\/fr\/wp-json\/wp\/v2\/media?parent=2667"}],"curies":[{"name":"wp","href":"https:\/\/api.w.org\/{rel}","templated":true}]}}