{"id":2272,"date":"2020-09-22T18:15:13","date_gmt":"2020-09-22T18:15:13","guid":{"rendered":"http:\/\/vibesspa.local\/pedicure\/"},"modified":"2025-12-17T10:33:47","modified_gmt":"2025-12-17T10:33:47","slug":"pedicure","status":"publish","type":"page","link":"https:\/\/vibesspa.ca\/fr\/pedicure\/","title":{"rendered":"P\u00e9dicure"},"content":{"rendered":"\t\t<div data-elementor-type=\"wp-post\" data-elementor-id=\"2272\" class=\"elementor elementor-2272 elementor-2085\" data-elementor-settings=\"[]\">\n\t\t\t\t\t\t<div class=\"elementor-inner\">\n\t\t\t\t\t\t\t<div class=\"elementor-section-wrap\">\n\t\t\t\t\t\t\t<section class=\"elementor-section elementor-top-section elementor-element elementor-element-6384860 elementor-section-content-middle elementor-reverse-tablet elementor-reverse-mobile elementor-section-full_width elementor-section-height-default elementor-section-height-default\" data-id=\"6384860\" data-element_type=\"section\" data-settings=\"{&quot;background_background&quot;:&quot;classic&quot;}\">\n\t\t\t\t\t\t\t<div class=\"elementor-background-overlay\"><\/div>\n\t\t\t\t\t\t\t<div class=\"elementor-container elementor-column-gap-default\">\n\t\t\t\t\t\t\t<div class=\"elementor-row\">\n\t\t\t\t\t<div class=\"elementor-column elementor-col-100 elementor-top-column elementor-element elementor-element-161fa0d\" data-id=\"161fa0d\" data-element_type=\"column\">\n\t\t\t<div class=\"elementor-column-wrap elementor-element-populated\">\n\t\t\t\t\t\t\t<div class=\"elementor-widget-wrap\">\n\t\t\t\t\t\t<div class=\"elementor-element elementor-element-905f8d6 elementor-relative elementor-widget elementor-widget-heading\" data-id=\"905f8d6\" data-element_type=\"widget\" data-settings=\"{&quot;pafe_position_mobile&quot;:&quot;relative&quot;}\" data-widget_type=\"heading.default\">\n\t\t\t\t<div class=\"elementor-widget-container\">\n\t\t\t<h2 class=\"elementor-heading-title elementor-size-default\">P\u00e9dicure<\/h2>\t\t<\/div>\n\t\t\t\t<\/div>\n\t\t\t\t<div class=\"elementor-element elementor-element-efa08fe elementor-widget elementor-widget-image\" data-id=\"efa08fe\" data-element_type=\"widget\" data-widget_type=\"image.default\">\n\t\t\t\t<div class=\"elementor-widget-container\">\n\t\t\t\t\t<div class=\"elementor-image\">\n\t\t\t\t\t\t\t\t\t\t<img loading=\"lazy\" decoding=\"async\" width=\"1000\" height=\"634\" src=\"https:\/\/vibesspa.ca\/wp-content\/uploads\/2020\/09\/mani-pedi.jpg\" class=\"attachment-full size-full\" alt=\"\" srcset=\"https:\/\/vibesspa.ca\/wp-content\/uploads\/2020\/09\/mani-pedi.jpg 1000w, https:\/\/vibesspa.ca\/wp-content\/uploads\/2020\/09\/mani-pedi-300x190.jpg 300w, https:\/\/vibesspa.ca\/wp-content\/uploads\/2020\/09\/mani-pedi-768x487.jpg 768w\" sizes=\"auto, (max-width: 1000px) 100vw, 1000px\" \/>\t\t\t\t\t\t\t\t\t\t\t<\/div>\n\t\t\t\t<\/div>\n\t\t\t\t<\/div>\n\t\t\t\t\t\t<\/div>\n\t\t\t\t\t<\/div>\n\t\t<\/div>\n\t\t\t\t\t\t\t\t<\/div>\n\t\t\t\t\t<\/div>\n\t\t<\/section>\n\t\t\t\t<section class=\"elementor-section elementor-top-section elementor-element elementor-element-aba73dc elementor-section-content-middle elementor-reverse-tablet elementor-reverse-mobile elementor-section-full_width elementor-section-height-default elementor-section-height-default\" data-id=\"aba73dc\" data-element_type=\"section\" data-settings=\"{&quot;background_background&quot;:&quot;classic&quot;}\">\n\t\t\t\t\t\t\t<div class=\"elementor-background-overlay\"><\/div>\n\t\t\t\t\t\t\t<div class=\"elementor-container elementor-column-gap-default\">\n\t\t\t\t\t\t\t<div class=\"elementor-row\">\n\t\t\t\t\t<div class=\"elementor-column elementor-col-100 elementor-top-column elementor-element elementor-element-263dded\" data-id=\"263dded\" data-element_type=\"column\">\n\t\t\t<div class=\"elementor-column-wrap elementor-element-populated\">\n\t\t\t\t\t\t\t<div class=\"elementor-widget-wrap\">\n\t\t\t\t\t\t<div class=\"elementor-element elementor-element-52507eb elementor-widget elementor-widget-heading\" data-id=\"52507eb\" data-element_type=\"widget\" data-widget_type=\"heading.default\">\n\t\t\t\t<div class=\"elementor-widget-container\">\n\t\t\t<h2 class=\"elementor-heading-title elementor-size-default\">P\u00e9dicure Signature pour des pieds revitalis\u00e9s et Soign\u00e9s<\/h2>\t\t<\/div>\n\t\t\t\t<\/div>\n\t\t\t\t<div class=\"elementor-element elementor-element-916d0ff elementor-widget elementor-widget-text-editor\" data-id=\"916d0ff\" data-element_type=\"widget\" data-widget_type=\"text-editor.default\">\n\t\t\t\t<div class=\"elementor-widget-container\">\n\t\t\t\t\t<div class=\"elementor-text-editor elementor-clearfix\">Ralentissez le rythme et offrez-vous du temps de qualit\u00e9 avec notre p\u00e9dicure Signature Vibes.\nSi vous d\u00e9sirez amener votre d\u00e9tente \u00e0 un autre niveau, offrez-vous le traitement ultime d\u2019une p\u00e9dicure spa. Ce soin d\u00e9bute par une p\u00e9dicure signature, suivie d\u2019un bain de paraffine apaisant et d\u2019un massage relaxant \u00e0 l\u2019aide de technique de r\u00e9flexologie.\nAu Salon Vibes, nous prenons grand soin d\u2019assurer les normes les plus \u00e9lev\u00e9es d\u2019hygi\u00e8ne et de s\u00e9curit\u00e9 lorsqu\u2019il s\u2019agit de st\u00e9riliser toutes les surfaces et tous les outils.<\/div>\n\t\t\t\t<\/div>\n\t\t\t\t<\/div>\n\t\t\t\t\t\t<\/div>\n\t\t\t\t\t<\/div>\n\t\t<\/div>\n\t\t\t\t\t\t\t\t<\/div>\n\t\t\t\t\t<\/div>\n\t\t<\/section>\n\t\t\t\t<section class=\"elementor-section elementor-top-section elementor-element elementor-element-34de3ef elementor-section-boxed elementor-section-height-default elementor-section-height-default\" data-id=\"34de3ef\" data-element_type=\"section\">\n\t\t\t\t\t\t<div class=\"elementor-container elementor-column-gap-default\">\n\t\t\t\t\t\t\t<div class=\"elementor-row\">\n\t\t\t\t\t<div class=\"elementor-column elementor-col-100 elementor-top-column elementor-element elementor-element-19cf340\" data-id=\"19cf340\" data-element_type=\"column\">\n\t\t\t<div class=\"elementor-column-wrap elementor-element-populated\">\n\t\t\t\t\t\t\t<div class=\"elementor-widget-wrap\">\n\t\t\t\t\t\t<div class=\"elementor-element elementor-element-66b525c elementor-widget elementor-widget-bdt-price-list\" data-id=\"66b525c\" data-element_type=\"widget\" data-widget_type=\"bdt-price-list.default\">\n\t\t\t\t<div class=\"elementor-widget-container\">\n\t\t\t\t\t<ul class=\"bdt-price-list\">\n\n\t\t<li class=\"bdt-price-list-item bdt-grid bdt-grid-small bdt-flex-middle\" bdt-grid>\n\t\t\t<div class=\"bdt-price-list-text bdt-width-expand\">\n\t\t\t\t<div>\n\t\t\t\t\t<div class=\"bdt-price-list-header bdt-grid bdt-grid-small bdt-flex-middle\" bdt-grid>\n\t\t\t\t\t\t<span class=\"bdt-price-list-title\">P\u00e9dicure<\/span>\n\n\t\t\t\t\t\t\t\t\t\t\t\t\t<span class=\"bdt-price-list-separator bdt-width-expand\"><\/span>\n\t\t\t\t\t\t\n\t\t\t\t\t<\/div>\n\n                    \t\t\t\t<\/div>\n\t\t\t<\/div>\n\t\t\t<div class=\"bdt-width-auto bdt-flex-inline\">\n\t\t\t\t<span class=\"bdt-price-list-price\">$55<\/span>\n\t\t\t<\/div>\n\n\t\t\t<\/li>\n\t\t<li class=\"bdt-price-list-item bdt-grid bdt-grid-small bdt-flex-middle\" bdt-grid>\n\t\t\t<div class=\"bdt-price-list-text bdt-width-expand\">\n\t\t\t\t<div>\n\t\t\t\t\t<div class=\"bdt-price-list-header bdt-grid bdt-grid-small bdt-flex-middle\" bdt-grid>\n\t\t\t\t\t\t<span class=\"bdt-price-list-title\">P\u00e9dicure express<\/span>\n\n\t\t\t\t\t\t\t\t\t\t\t\t\t<span class=\"bdt-price-list-separator bdt-width-expand\"><\/span>\n\t\t\t\t\t\t\n\t\t\t\t\t<\/div>\n\n                    \t\t\t\t<\/div>\n\t\t\t<\/div>\n\t\t\t<div class=\"bdt-width-auto bdt-flex-inline\">\n\t\t\t\t<span class=\"bdt-price-list-price\">$40<\/span>\n\t\t\t<\/div>\n\n\t\t\t<\/li>\n\t\t<li class=\"bdt-price-list-item bdt-grid bdt-grid-small bdt-flex-middle\" bdt-grid>\n\t\t\t<div class=\"bdt-price-list-text bdt-width-expand\">\n\t\t\t\t<div>\n\t\t\t\t\t<div class=\"bdt-price-list-header bdt-grid bdt-grid-small bdt-flex-middle\" bdt-grid>\n\t\t\t\t\t\t<span class=\"bdt-price-list-title\">Spa p\u00e9dicure <\/span>\n\n\t\t\t\t\t\t\t\t\t\t\t\t\t<span class=\"bdt-price-list-separator bdt-width-expand\"><\/span>\n\t\t\t\t\t\t\n\t\t\t\t\t<\/div>\n\n                    \t\t\t\t<\/div>\n\t\t\t<\/div>\n\t\t\t<div class=\"bdt-width-auto bdt-flex-inline\">\n\t\t\t\t<span class=\"bdt-price-list-price\">$75<\/span>\n\t\t\t<\/div>\n\n\t\t\t<\/li>\n\t\t<li class=\"bdt-price-list-item bdt-grid bdt-grid-small bdt-flex-middle\" bdt-grid>\n\t\t\t<div class=\"bdt-price-list-text bdt-width-expand\">\n\t\t\t\t<div>\n\t\t\t\t\t<div class=\"bdt-price-list-header bdt-grid bdt-grid-small bdt-flex-middle\" bdt-grid>\n\t\t\t\t\t\t<span class=\"bdt-price-list-title\">P\u00e9dicure shellac<\/span>\n\n\t\t\t\t\t\t\t\t\t\t\t\t\t<span class=\"bdt-price-list-separator bdt-width-expand\"><\/span>\n\t\t\t\t\t\t\n\t\t\t\t\t<\/div>\n\n                                            <p class=\"bdt-price-list-description\">$15 extra pour enl\u00e8vement de shellac\n\/ $45 retirer gel ou acrylique<\/p>\n                    \t\t\t\t<\/div>\n\t\t\t<\/div>\n\t\t\t<div class=\"bdt-width-auto bdt-flex-inline\">\n\t\t\t\t<span class=\"bdt-price-list-price\">$70<\/span>\n\t\t\t<\/div>\n\n\t\t\t<\/li>\n\t\t<li class=\"bdt-price-list-item bdt-grid bdt-grid-small bdt-flex-middle\" bdt-grid>\n\t\t\t<div class=\"bdt-price-list-text bdt-width-expand\">\n\t\t\t\t<div>\n\t\t\t\t\t<div class=\"bdt-price-list-header bdt-grid bdt-grid-small bdt-flex-middle\" bdt-grid>\n\t\t\t\t\t\t<span class=\"bdt-price-list-title\">Changement de vernis<\/span>\n\n\t\t\t\t\t\t\t\t\t\t\t\t\t<span class=\"bdt-price-list-separator bdt-width-expand\"><\/span>\n\t\t\t\t\t\t\n\t\t\t\t\t<\/div>\n\n                    \t\t\t\t<\/div>\n\t\t\t<\/div>\n\t\t\t<div class=\"bdt-width-auto bdt-flex-inline\">\n\t\t\t\t<span class=\"bdt-price-list-price\">$20<\/span>\n\t\t\t<\/div>\n\n\t\t\t<\/li>\n\t\t<li class=\"bdt-price-list-item bdt-grid bdt-grid-small bdt-flex-middle\" bdt-grid>\n\t\t\t<div class=\"bdt-price-list-text bdt-width-expand\">\n\t\t\t\t<div>\n\t\t\t\t\t<div class=\"bdt-price-list-header bdt-grid bdt-grid-small bdt-flex-middle\" bdt-grid>\n\t\t\t\t\t\t<span class=\"bdt-price-list-title\">Design<\/span>\n\n\t\t\t\t\t\t\t\t\t\t\t\t\t<span class=\"bdt-price-list-separator bdt-width-expand\"><\/span>\n\t\t\t\t\t\t\n\t\t\t\t\t<\/div>\n\n                    \t\t\t\t<\/div>\n\t\t\t<\/div>\n\t\t\t<div class=\"bdt-width-auto bdt-flex-inline\">\n\t\t\t\t<span class=\"bdt-price-list-price\">$10+<\/span>\n\t\t\t<\/div>\n\n\t\t\t<\/li>\n\t\t\n\t\t<\/ul>\n\t\t\t\t<\/div>\n\t\t\t\t<\/div>\n\t\t\t\t<div class=\"elementor-element elementor-element-c778569 elementor-align-center elementor-widget elementor-widget-button\" data-id=\"c778569\" data-element_type=\"widget\" data-widget_type=\"button.default\">\n\t\t\t\t<div class=\"elementor-widget-container\">\n\t\t\t\t\t<div class=\"elementor-button-wrapper\">\n\t\t\t<a href=\"http:\/\/vibessalon.mylocalsalon.com\/onlinebooking\/v7410\/Steps\/SelectServices.aspx\" class=\"elementor-button-link elementor-button elementor-size-sm\" role=\"button\">\n\t\t\t\t\t\t<span class=\"elementor-button-content-wrapper\">\n\t\t\t\t\t\t<span class=\"elementor-button-text\">PRENEZ RENDEZ-VOUS<\/span>\n\t\t<\/span>\n\t\t\t\t\t<\/a>\n\t\t<\/div>\n\t\t\t\t<\/div>\n\t\t\t\t<\/div>\n\t\t\t\t\t\t<\/div>\n\t\t\t\t\t<\/div>\n\t\t<\/div>\n\t\t\t\t\t\t\t\t<\/div>\n\t\t\t\t\t<\/div>\n\t\t<\/section>\n\t\t\t\t<section class=\"elementor-section elementor-top-section elementor-element elementor-element-a889e5e elementor-section-full_width elementor-section-height-default elementor-section-height-default\" data-id=\"a889e5e\" data-element_type=\"section\" data-settings=\"{&quot;background_background&quot;:&quot;classic&quot;}\">\n\t\t\t\t\t\t<div class=\"elementor-container elementor-column-gap-default\">\n\t\t\t\t\t\t\t<div class=\"elementor-row\">\n\t\t\t\t\t<div class=\"elementor-column elementor-col-100 elementor-top-column elementor-element elementor-element-b750a35\" data-id=\"b750a35\" data-element_type=\"column\">\n\t\t\t<div class=\"elementor-column-wrap\">\n\t\t\t\t\t\t\t<div class=\"elementor-widget-wrap\">\n\t\t\t\t\t\t\t\t<\/div>\n\t\t\t\t\t<\/div>\n\t\t<\/div>\n\t\t\t\t\t\t\t\t<\/div>\n\t\t\t\t\t<\/div>\n\t\t<\/section>\n\t\t\t\t\t\t<\/div>\n\t\t\t\t\t\t<\/div>\n\t\t\t\t\t<\/div>\n\t\t","protected":false},"excerpt":{"rendered":"<p>P\u00e9dicure P\u00e9dicure Signature pour des pieds revitalis\u00e9s et Soign\u00e9s Ralentissez le rythme et offrez-vous du temps de qualit\u00e9 avec notre p\u00e9dicure Signature Vibes. Si vous d\u00e9sirez amener votre d\u00e9tente \u00e0 un autre niveau, offrez-vous le traitement ultime d\u2019une p\u00e9dicure spa. Ce soin d\u00e9bute par une p\u00e9dicure signature, suivie d\u2019un bain de paraffine apaisant et d\u2019un &hellip;<\/p>\n<p class=\"read-more\"> <a class=\"\" href=\"https:\/\/vibesspa.ca\/fr\/pedicure\/\"> <span class=\"screen-reader-text\">P\u00e9dicure<\/span> Lire la suite\u00a0\u00bb<\/a><\/p>\n","protected":false},"author":2,"featured_media":0,"parent":0,"menu_order":0,"comment_status":"closed","ping_status":"closed","template":"elementor_header_footer","meta":{"site-sidebar-layout":"no-sidebar","site-content-layout":"page-builder","ast-global-header-display":"","ast-main-header-display":"disabled","ast-hfb-above-header-display":"","ast-hfb-below-header-display":"","ast-hfb-mobile-header-display":"","site-post-title":"disabled","ast-breadcrumbs-content":"","ast-featured-img":"disabled","footer-sml-layout":"","theme-transparent-header-meta":"default","adv-header-id-meta":"","stick-header-meta":"","header-above-stick-meta":"","header-main-stick-meta":"","header-below-stick-meta":"","footnotes":""},"class_list":["post-2272","page","type-page","status-publish","hentry"],"yoast_head":"<!-- This site is optimized with the Yoast SEO Premium plugin v20.1 (Yoast SEO v20.1) - https:\/\/yoast.com\/wordpress\/plugins\/seo\/ -->\n<title>P\u00e9dicure, Soins des Pieds, P\u00e9dicure Spa, Paraffine et Plus &ndash; Vibes Spa<\/title>\n<meta name=\"description\" content=\"Soins professionnels des ongles et des pieds, p\u00e9dicure spa \u00e0 la paraffine, gommage, vernis, massage relaxant des pieds et plus. 514-626-3987\" \/>\n<meta name=\"robots\" content=\"index, follow, max-snippet:-1, max-image-preview:large, max-video-preview:-1\" \/>\n<link rel=\"canonical\" href=\"https:\/\/vibesspa.ca\/fr\/pedicure\/\" \/>\n<meta property=\"og:locale\" content=\"fr_FR\" \/>\n<meta property=\"og:type\" content=\"article\" \/>\n<meta property=\"og:title\" content=\"P\u00e9dicure\" \/>\n<meta property=\"og:description\" content=\"Soins professionnels des ongles et des pieds, p\u00e9dicure spa \u00e0 la paraffine, gommage, vernis, massage relaxant des pieds et plus. 514-626-3987\" \/>\n<meta property=\"og:url\" content=\"https:\/\/vibesspa.ca\/fr\/pedicure\/\" \/>\n<meta property=\"og:site_name\" content=\"Vibes Spa\" \/>\n<meta property=\"article:modified_time\" content=\"2025-12-17T10:33:47+00:00\" \/>\n<meta property=\"og:image\" content=\"https:\/\/vibesspa.ca\/wp-content\/uploads\/2020\/09\/mani-pedi.jpg\" \/>\n<meta name=\"twitter:card\" content=\"summary_large_image\" \/>\n<meta name=\"twitter:label1\" content=\"Dur\u00e9e de lecture estim\u00e9e\" \/>\n\t<meta name=\"twitter:data1\" content=\"1 minute\" \/>\n<script type=\"application\/ld+json\" class=\"yoast-schema-graph\">{\"@context\":\"https:\/\/schema.org\",\"@graph\":[{\"@type\":\"WebPage\",\"@id\":\"https:\/\/vibesspa.ca\/fr\/pedicure\/\",\"url\":\"https:\/\/vibesspa.ca\/fr\/pedicure\/\",\"name\":\"P\u00e9dicure, Soins des Pieds, P\u00e9dicure Spa, Paraffine et Plus &ndash; Vibes Spa\",\"isPartOf\":{\"@id\":\"https:\/\/vibesspa.ca\/fr\/#website\"},\"datePublished\":\"2020-09-22T18:15:13+00:00\",\"dateModified\":\"2025-12-17T10:33:47+00:00\",\"description\":\"Soins professionnels des ongles et des pieds, p\u00e9dicure spa \u00e0 la paraffine, gommage, vernis, massage relaxant des pieds et plus. 514-626-3987\",\"breadcrumb\":{\"@id\":\"https:\/\/vibesspa.ca\/fr\/pedicure\/#breadcrumb\"},\"inLanguage\":\"fr-FR\",\"potentialAction\":[{\"@type\":\"ReadAction\",\"target\":[\"https:\/\/vibesspa.ca\/fr\/pedicure\/\"]}]},{\"@type\":\"BreadcrumbList\",\"@id\":\"https:\/\/vibesspa.ca\/fr\/pedicure\/#breadcrumb\",\"itemListElement\":[{\"@type\":\"ListItem\",\"position\":1,\"name\":\"Home\",\"item\":\"https:\/\/vibesspa.ca\/fr\/\"},{\"@type\":\"ListItem\",\"position\":2,\"name\":\"P\u00e9dicure\"}]},{\"@type\":\"WebSite\",\"@id\":\"https:\/\/vibesspa.ca\/fr\/#website\",\"url\":\"https:\/\/vibesspa.ca\/fr\/\",\"name\":\"Vibes Spa\",\"description\":\"On-The-Go Spa Services\",\"publisher\":{\"@id\":\"https:\/\/vibesspa.ca\/fr\/#organization\"},\"alternateName\":\"On-the-go SPA West Island, Montreal\",\"potentialAction\":[{\"@type\":\"SearchAction\",\"target\":{\"@type\":\"EntryPoint\",\"urlTemplate\":\"https:\/\/vibesspa.ca\/fr\/?s={search_term_string}\"},\"query-input\":\"required name=search_term_string\"}],\"inLanguage\":\"fr-FR\"},{\"@type\":\"Organization\",\"@id\":\"https:\/\/vibesspa.ca\/fr\/#organization\",\"name\":\"Vibes Spa\",\"url\":\"https:\/\/vibesspa.ca\/fr\/\",\"logo\":{\"@type\":\"ImageObject\",\"inLanguage\":\"fr-FR\",\"@id\":\"https:\/\/vibesspa.ca\/fr\/#\/schema\/logo\/image\/\",\"url\":\"https:\/\/vibesspa.ca\/wp-content\/uploads\/2020\/11\/logo.png\",\"contentUrl\":\"https:\/\/vibesspa.ca\/wp-content\/uploads\/2020\/11\/logo.png\",\"width\":542,\"height\":250,\"caption\":\"Vibes Spa\"},\"image\":{\"@id\":\"https:\/\/vibesspa.ca\/fr\/#\/schema\/logo\/image\/\"}}]}<\/script>\n<!-- \/ Yoast SEO Premium plugin. -->","yoast_head_json":{"title":"P\u00e9dicure, Soins des Pieds, P\u00e9dicure Spa, Paraffine et Plus &ndash; Vibes Spa","description":"Soins professionnels des ongles et des pieds, p\u00e9dicure spa \u00e0 la paraffine, gommage, vernis, massage relaxant des pieds et plus. 514-626-3987","robots":{"index":"index","follow":"follow","max-snippet":"max-snippet:-1","max-image-preview":"max-image-preview:large","max-video-preview":"max-video-preview:-1"},"canonical":"https:\/\/vibesspa.ca\/fr\/pedicure\/","og_locale":"fr_FR","og_type":"article","og_title":"P\u00e9dicure","og_description":"Soins professionnels des ongles et des pieds, p\u00e9dicure spa \u00e0 la paraffine, gommage, vernis, massage relaxant des pieds et plus. 514-626-3987","og_url":"https:\/\/vibesspa.ca\/fr\/pedicure\/","og_site_name":"Vibes Spa","article_modified_time":"2025-12-17T10:33:47+00:00","og_image":[{"url":"https:\/\/vibesspa.ca\/wp-content\/uploads\/2020\/09\/mani-pedi.jpg"}],"twitter_card":"summary_large_image","twitter_misc":{"Dur\u00e9e de lecture estim\u00e9e":"1 minute"},"schema":{"@context":"https:\/\/schema.org","@graph":[{"@type":"WebPage","@id":"https:\/\/vibesspa.ca\/fr\/pedicure\/","url":"https:\/\/vibesspa.ca\/fr\/pedicure\/","name":"P\u00e9dicure, Soins des Pieds, P\u00e9dicure Spa, Paraffine et Plus &ndash; Vibes Spa","isPartOf":{"@id":"https:\/\/vibesspa.ca\/fr\/#website"},"datePublished":"2020-09-22T18:15:13+00:00","dateModified":"2025-12-17T10:33:47+00:00","description":"Soins professionnels des ongles et des pieds, p\u00e9dicure spa \u00e0 la paraffine, gommage, vernis, massage relaxant des pieds et plus. 514-626-3987","breadcrumb":{"@id":"https:\/\/vibesspa.ca\/fr\/pedicure\/#breadcrumb"},"inLanguage":"fr-FR","potentialAction":[{"@type":"ReadAction","target":["https:\/\/vibesspa.ca\/fr\/pedicure\/"]}]},{"@type":"BreadcrumbList","@id":"https:\/\/vibesspa.ca\/fr\/pedicure\/#breadcrumb","itemListElement":[{"@type":"ListItem","position":1,"name":"Home","item":"https:\/\/vibesspa.ca\/fr\/"},{"@type":"ListItem","position":2,"name":"P\u00e9dicure"}]},{"@type":"WebSite","@id":"https:\/\/vibesspa.ca\/fr\/#website","url":"https:\/\/vibesspa.ca\/fr\/","name":"Vibes Spa","description":"On-The-Go Spa Services","publisher":{"@id":"https:\/\/vibesspa.ca\/fr\/#organization"},"alternateName":"On-the-go SPA West Island, Montreal","potentialAction":[{"@type":"SearchAction","target":{"@type":"EntryPoint","urlTemplate":"https:\/\/vibesspa.ca\/fr\/?s={search_term_string}"},"query-input":"required name=search_term_string"}],"inLanguage":"fr-FR"},{"@type":"Organization","@id":"https:\/\/vibesspa.ca\/fr\/#organization","name":"Vibes Spa","url":"https:\/\/vibesspa.ca\/fr\/","logo":{"@type":"ImageObject","inLanguage":"fr-FR","@id":"https:\/\/vibesspa.ca\/fr\/#\/schema\/logo\/image\/","url":"https:\/\/vibesspa.ca\/wp-content\/uploads\/2020\/11\/logo.png","contentUrl":"https:\/\/vibesspa.ca\/wp-content\/uploads\/2020\/11\/logo.png","width":542,"height":250,"caption":"Vibes Spa"},"image":{"@id":"https:\/\/vibesspa.ca\/fr\/#\/schema\/logo\/image\/"}}]}},"_links":{"self":[{"href":"https:\/\/vibesspa.ca\/fr\/wp-json\/wp\/v2\/pages\/2272","targetHints":{"allow":["GET"]}}],"collection":[{"href":"https:\/\/vibesspa.ca\/fr\/wp-json\/wp\/v2\/pages"}],"about":[{"href":"https:\/\/vibesspa.ca\/fr\/wp-json\/wp\/v2\/types\/page"}],"author":[{"embeddable":true,"href":"https:\/\/vibesspa.ca\/fr\/wp-json\/wp\/v2\/users\/2"}],"replies":[{"embeddable":true,"href":"https:\/\/vibesspa.ca\/fr\/wp-json\/wp\/v2\/comments?post=2272"}],"version-history":[{"count":34,"href":"https:\/\/vibesspa.ca\/fr\/wp-json\/wp\/v2\/pages\/2272\/revisions"}],"predecessor-version":[{"id":3560,"href":"https:\/\/vibesspa.ca\/fr\/wp-json\/wp\/v2\/pages\/2272\/revisions\/3560"}],"wp:attachment":[{"href":"https:\/\/vibesspa.ca\/fr\/wp-json\/wp\/v2\/media?parent=2272"}],"curies":[{"name":"wp","href":"https:\/\/api.w.org\/{rel}","templated":true}]}}