{"id":2268,"date":"2020-09-17T18:46:26","date_gmt":"2020-09-17T18:46:26","guid":{"rendered":"http:\/\/vibesspa.local\/manicure\/"},"modified":"2025-12-17T10:30:53","modified_gmt":"2025-12-17T10:30:53","slug":"manucure","status":"publish","type":"page","link":"https:\/\/vibesspa.ca\/fr\/manucure\/","title":{"rendered":"Manucure"},"content":{"rendered":"\t\t<div data-elementor-type=\"wp-post\" data-elementor-id=\"2268\" class=\"elementor elementor-2268 elementor-1829\" data-elementor-settings=\"[]\">\n\t\t\t\t\t\t<div class=\"elementor-inner\">\n\t\t\t\t\t\t\t<div class=\"elementor-section-wrap\">\n\t\t\t\t\t\t\t<section class=\"elementor-section elementor-top-section elementor-element elementor-element-6384860 elementor-section-content-middle elementor-reverse-tablet elementor-reverse-mobile elementor-section-full_width elementor-section-height-default elementor-section-height-default\" data-id=\"6384860\" data-element_type=\"section\" data-settings=\"{&quot;background_background&quot;:&quot;classic&quot;}\">\n\t\t\t\t\t\t\t<div class=\"elementor-background-overlay\"><\/div>\n\t\t\t\t\t\t\t<div class=\"elementor-container elementor-column-gap-default\">\n\t\t\t\t\t\t\t<div class=\"elementor-row\">\n\t\t\t\t\t<div class=\"elementor-column elementor-col-100 elementor-top-column elementor-element elementor-element-161fa0d\" data-id=\"161fa0d\" data-element_type=\"column\">\n\t\t\t<div class=\"elementor-column-wrap elementor-element-populated\">\n\t\t\t\t\t\t\t<div class=\"elementor-widget-wrap\">\n\t\t\t\t\t\t<div class=\"elementor-element elementor-element-905f8d6 elementor-relative elementor-widget elementor-widget-heading\" data-id=\"905f8d6\" data-element_type=\"widget\" data-settings=\"{&quot;pafe_position_mobile&quot;:&quot;relative&quot;}\" data-widget_type=\"heading.default\">\n\t\t\t\t<div class=\"elementor-widget-container\">\n\t\t\t<h2 class=\"elementor-heading-title elementor-size-default\">Manucure<\/h2>\t\t<\/div>\n\t\t\t\t<\/div>\n\t\t\t\t<div class=\"elementor-element elementor-element-efa08fe elementor-widget elementor-widget-image\" data-id=\"efa08fe\" data-element_type=\"widget\" data-widget_type=\"image.default\">\n\t\t\t\t<div class=\"elementor-widget-container\">\n\t\t\t\t\t<div class=\"elementor-image\">\n\t\t\t\t\t\t\t\t\t\t<img loading=\"lazy\" decoding=\"async\" width=\"1650\" height=\"1100\" src=\"https:\/\/vibesspa.ca\/wp-content\/uploads\/2020\/10\/manicure@0.33x.jpg\" class=\"attachment-full size-full\" alt=\"\" srcset=\"https:\/\/vibesspa.ca\/wp-content\/uploads\/2020\/10\/manicure@0.33x.jpg 1650w, https:\/\/vibesspa.ca\/wp-content\/uploads\/2020\/10\/manicure@0.33x-300x200.jpg 300w, https:\/\/vibesspa.ca\/wp-content\/uploads\/2020\/10\/manicure@0.33x-1024x683.jpg 1024w, https:\/\/vibesspa.ca\/wp-content\/uploads\/2020\/10\/manicure@0.33x-768x512.jpg 768w, https:\/\/vibesspa.ca\/wp-content\/uploads\/2020\/10\/manicure@0.33x-1536x1024.jpg 1536w\" sizes=\"auto, (max-width: 1650px) 100vw, 1650px\" \/>\t\t\t\t\t\t\t\t\t\t\t<\/div>\n\t\t\t\t<\/div>\n\t\t\t\t<\/div>\n\t\t\t\t\t\t<\/div>\n\t\t\t\t\t<\/div>\n\t\t<\/div>\n\t\t\t\t\t\t\t\t<\/div>\n\t\t\t\t\t<\/div>\n\t\t<\/section>\n\t\t\t\t<section class=\"elementor-section elementor-top-section elementor-element elementor-element-aba73dc elementor-section-content-middle elementor-reverse-tablet elementor-reverse-mobile elementor-section-full_width elementor-section-height-default elementor-section-height-default\" data-id=\"aba73dc\" data-element_type=\"section\" data-settings=\"{&quot;background_background&quot;:&quot;classic&quot;}\">\n\t\t\t\t\t\t\t<div class=\"elementor-background-overlay\"><\/div>\n\t\t\t\t\t\t\t<div class=\"elementor-container elementor-column-gap-default\">\n\t\t\t\t\t\t\t<div class=\"elementor-row\">\n\t\t\t\t\t<div class=\"elementor-column elementor-col-100 elementor-top-column elementor-element elementor-element-263dded\" data-id=\"263dded\" data-element_type=\"column\">\n\t\t\t<div class=\"elementor-column-wrap elementor-element-populated\">\n\t\t\t\t\t\t\t<div class=\"elementor-widget-wrap\">\n\t\t\t\t\t\t<div class=\"elementor-element elementor-element-52507eb elementor-widget elementor-widget-heading\" data-id=\"52507eb\" data-element_type=\"widget\" data-widget_type=\"heading.default\">\n\t\t\t\t<div class=\"elementor-widget-container\">\n\t\t\t<h2 class=\"elementor-heading-title elementor-size-default\">Mains & Ongles en beaut\u00e9<\/h2>\t\t<\/div>\n\t\t\t\t<\/div>\n\t\t\t\t<div class=\"elementor-element elementor-element-916d0ff elementor-widget elementor-widget-text-editor\" data-id=\"916d0ff\" data-element_type=\"widget\" data-widget_type=\"text-editor.default\">\n\t\t\t\t<div class=\"elementor-widget-container\">\n\t\t\t\t\t<div class=\"elementor-text-editor elementor-clearfix\">Des mains magnifiquement manucur\u00e9es font une si belle impression. Offrez-vous un cadeau et laissez les experts vous dorloter!\nAu salon Vibes, nous prenons grand soin d\u2019assurer les normes les plus \u00e9lev\u00e9es d\u2019hygi\u00e8ne et de s\u00e9curit\u00e9 lorsqu\u2019il s\u2019agit de st\u00e9riliser toutes les surfaces et tous les outils.<\/div>\n\t\t\t\t<\/div>\n\t\t\t\t<\/div>\n\t\t\t\t\t\t<\/div>\n\t\t\t\t\t<\/div>\n\t\t<\/div>\n\t\t\t\t\t\t\t\t<\/div>\n\t\t\t\t\t<\/div>\n\t\t<\/section>\n\t\t\t\t<section class=\"elementor-section elementor-top-section elementor-element elementor-element-34de3ef elementor-section-boxed elementor-section-height-default elementor-section-height-default\" data-id=\"34de3ef\" data-element_type=\"section\">\n\t\t\t\t\t\t<div class=\"elementor-container elementor-column-gap-default\">\n\t\t\t\t\t\t\t<div class=\"elementor-row\">\n\t\t\t\t\t<div class=\"elementor-column elementor-col-100 elementor-top-column elementor-element elementor-element-19cf340\" data-id=\"19cf340\" data-element_type=\"column\">\n\t\t\t<div class=\"elementor-column-wrap elementor-element-populated\">\n\t\t\t\t\t\t\t<div class=\"elementor-widget-wrap\">\n\t\t\t\t\t\t<div class=\"elementor-element elementor-element-66b525c elementor-widget elementor-widget-bdt-price-list\" data-id=\"66b525c\" data-element_type=\"widget\" data-widget_type=\"bdt-price-list.default\">\n\t\t\t\t<div class=\"elementor-widget-container\">\n\t\t\t\t\t<ul class=\"bdt-price-list\">\n\n\t\t<li class=\"bdt-price-list-item bdt-grid bdt-grid-small bdt-flex-middle\" bdt-grid>\n\t\t\t<div class=\"bdt-price-list-text bdt-width-expand\">\n\t\t\t\t<div>\n\t\t\t\t\t<div class=\"bdt-price-list-header bdt-grid bdt-grid-small bdt-flex-middle\" bdt-grid>\n\t\t\t\t\t\t<span class=\"bdt-price-list-title\">Manucure<\/span>\n\n\t\t\t\t\t\t\t\t\t\t\t\t\t<span class=\"bdt-price-list-separator bdt-width-expand\"><\/span>\n\t\t\t\t\t\t\n\t\t\t\t\t<\/div>\n\n                    \t\t\t\t<\/div>\n\t\t\t<\/div>\n\t\t\t<div class=\"bdt-width-auto bdt-flex-inline\">\n\t\t\t\t<span class=\"bdt-price-list-price\">$28<\/span>\n\t\t\t<\/div>\n\n\t\t\t<\/li>\n\t\t<li class=\"bdt-price-list-item bdt-grid bdt-grid-small bdt-flex-middle\" bdt-grid>\n\t\t\t<div class=\"bdt-price-list-text bdt-width-expand\">\n\t\t\t\t<div>\n\t\t\t\t\t<div class=\"bdt-price-list-header bdt-grid bdt-grid-small bdt-flex-middle\" bdt-grid>\n\t\t\t\t\t\t<span class=\"bdt-price-list-title\">Manucure fran\u00e7aise<\/span>\n\n\t\t\t\t\t\t\t\t\t\t\t\t\t<span class=\"bdt-price-list-separator bdt-width-expand\"><\/span>\n\t\t\t\t\t\t\n\t\t\t\t\t<\/div>\n\n                    \t\t\t\t<\/div>\n\t\t\t<\/div>\n\t\t\t<div class=\"bdt-width-auto bdt-flex-inline\">\n\t\t\t\t<span class=\"bdt-price-list-price\">$35<\/span>\n\t\t\t<\/div>\n\n\t\t\t<\/li>\n\t\t<li class=\"bdt-price-list-item bdt-grid bdt-grid-small bdt-flex-middle\" bdt-grid>\n\t\t\t<div class=\"bdt-price-list-text bdt-width-expand\">\n\t\t\t\t<div>\n\t\t\t\t\t<div class=\"bdt-price-list-header bdt-grid bdt-grid-small bdt-flex-middle\" bdt-grid>\n\t\t\t\t\t\t<span class=\"bdt-price-list-title\">Manucure Spa avec paraffine<\/span>\n\n\t\t\t\t\t\t\t\t\t\t\t\t\t<span class=\"bdt-price-list-separator bdt-width-expand\"><\/span>\n\t\t\t\t\t\t\n\t\t\t\t\t<\/div>\n\n                                            <p class=\"bdt-price-list-description\">Avec paraffine.<\/p>\n                    \t\t\t\t<\/div>\n\t\t\t<\/div>\n\t\t\t<div class=\"bdt-width-auto bdt-flex-inline\">\n\t\t\t\t<span class=\"bdt-price-list-price\">$55<\/span>\n\t\t\t<\/div>\n\n\t\t\t<\/li>\n\t\t<li class=\"bdt-price-list-item bdt-grid bdt-grid-small bdt-flex-middle\" bdt-grid>\n\t\t\t<div class=\"bdt-price-list-text bdt-width-expand\">\n\t\t\t\t<div>\n\t\t\t\t\t<div class=\"bdt-price-list-header bdt-grid bdt-grid-small bdt-flex-middle\" bdt-grid>\n\t\t\t\t\t\t<span class=\"bdt-price-list-title\">Manucure shellac<\/span>\n\n\t\t\t\t\t\t\t\t\t\t\t\t\t<span class=\"bdt-price-list-separator bdt-width-expand\"><\/span>\n\t\t\t\t\t\t\n\t\t\t\t\t<\/div>\n\n                                            <p class=\"bdt-price-list-description\">$15 surplus pour enl\u00e8vement de shellac<\/p>\n                    \t\t\t\t<\/div>\n\t\t\t<\/div>\n\t\t\t<div class=\"bdt-width-auto bdt-flex-inline\">\n\t\t\t\t<span class=\"bdt-price-list-price\">$48<\/span>\n\t\t\t<\/div>\n\n\t\t\t<\/li>\n\t\t<li class=\"bdt-price-list-item bdt-grid bdt-grid-small bdt-flex-middle\" bdt-grid>\n\t\t\t<div class=\"bdt-price-list-text bdt-width-expand\">\n\t\t\t\t<div>\n\t\t\t\t\t<div class=\"bdt-price-list-header bdt-grid bdt-grid-small bdt-flex-middle\" bdt-grid>\n\t\t\t\t\t\t<span class=\"bdt-price-list-title\">Changement de vernis<\/span>\n\n\t\t\t\t\t\t\t\t\t\t\t\t\t<span class=\"bdt-price-list-separator bdt-width-expand\"><\/span>\n\t\t\t\t\t\t\n\t\t\t\t\t<\/div>\n\n                    \t\t\t\t<\/div>\n\t\t\t<\/div>\n\t\t\t<div class=\"bdt-width-auto bdt-flex-inline\">\n\t\t\t\t<span class=\"bdt-price-list-price\">$20<\/span>\n\t\t\t<\/div>\n\n\t\t\t<\/li>\n\t\t<li class=\"bdt-price-list-item bdt-grid bdt-grid-small bdt-flex-middle\" bdt-grid>\n\t\t\t<div class=\"bdt-price-list-text bdt-width-expand\">\n\t\t\t\t<div>\n\t\t\t\t\t<div class=\"bdt-price-list-header bdt-grid bdt-grid-small bdt-flex-middle\" bdt-grid>\n\t\t\t\t\t\t<span class=\"bdt-price-list-title\">Pose d&#039;ongles avec gel<\/span>\n\n\t\t\t\t\t\t\t\t\t\t\t\t\t<span class=\"bdt-price-list-separator bdt-width-expand\"><\/span>\n\t\t\t\t\t\t\n\t\t\t\t\t<\/div>\n\n                    \t\t\t\t<\/div>\n\t\t\t<\/div>\n\t\t\t<div class=\"bdt-width-auto bdt-flex-inline\">\n\t\t\t\t<span class=\"bdt-price-list-price\">$75<\/span>\n\t\t\t<\/div>\n\n\t\t\t<\/li>\n\t\t<li class=\"bdt-price-list-item bdt-grid bdt-grid-small bdt-flex-middle\" bdt-grid>\n\t\t\t<div class=\"bdt-price-list-text bdt-width-expand\">\n\t\t\t\t<div>\n\t\t\t\t\t<div class=\"bdt-price-list-header bdt-grid bdt-grid-small bdt-flex-middle\" bdt-grid>\n\t\t\t\t\t\t<span class=\"bdt-price-list-title\">Overlay sur-ongle naturels<\/span>\n\n\t\t\t\t\t\t\t\t\t\t\t\t\t<span class=\"bdt-price-list-separator bdt-width-expand\"><\/span>\n\t\t\t\t\t\t\n\t\t\t\t\t<\/div>\n\n                    \t\t\t\t<\/div>\n\t\t\t<\/div>\n\t\t\t<div class=\"bdt-width-auto bdt-flex-inline\">\n\t\t\t\t<span class=\"bdt-price-list-price\">$65<\/span>\n\t\t\t<\/div>\n\n\t\t\t<\/li>\n\t\t<li class=\"bdt-price-list-item bdt-grid bdt-grid-small bdt-flex-middle\" bdt-grid>\n\t\t\t<div class=\"bdt-price-list-text bdt-width-expand\">\n\t\t\t\t<div>\n\t\t\t\t\t<div class=\"bdt-price-list-header bdt-grid bdt-grid-small bdt-flex-middle\" bdt-grid>\n\t\t\t\t\t\t<span class=\"bdt-price-list-title\">Remplissage avec gel<\/span>\n\n\t\t\t\t\t\t\t\t\t\t\t\t\t<span class=\"bdt-price-list-separator bdt-width-expand\"><\/span>\n\t\t\t\t\t\t\n\t\t\t\t\t<\/div>\n\n                    \t\t\t\t<\/div>\n\t\t\t<\/div>\n\t\t\t<div class=\"bdt-width-auto bdt-flex-inline\">\n\t\t\t\t<span class=\"bdt-price-list-price\">$55<\/span>\n\t\t\t<\/div>\n\n\t\t\t<\/li>\n\t\t<li class=\"bdt-price-list-item bdt-grid bdt-grid-small bdt-flex-middle\" bdt-grid>\n\t\t\t<div class=\"bdt-price-list-text bdt-width-expand\">\n\t\t\t\t<div>\n\t\t\t\t\t<div class=\"bdt-price-list-header bdt-grid bdt-grid-small bdt-flex-middle\" bdt-grid>\n\t\t\t\t\t\t<span class=\"bdt-price-list-title\">Enl\u00e8vement de gel ou acrylic<\/span>\n\n\t\t\t\t\t\t\t\t\t\t\t\t\t<span class=\"bdt-price-list-separator bdt-width-expand\"><\/span>\n\t\t\t\t\t\t\n\t\t\t\t\t<\/div>\n\n                    \t\t\t\t<\/div>\n\t\t\t<\/div>\n\t\t\t<div class=\"bdt-width-auto bdt-flex-inline\">\n\t\t\t\t<span class=\"bdt-price-list-price\">$45+<\/span>\n\t\t\t<\/div>\n\n\t\t\t<\/li>\n\t\t<li class=\"bdt-price-list-item bdt-grid bdt-grid-small bdt-flex-middle\" bdt-grid>\n\t\t\t<div class=\"bdt-price-list-text bdt-width-expand\">\n\t\t\t\t<div>\n\t\t\t\t\t<div class=\"bdt-price-list-header bdt-grid bdt-grid-small bdt-flex-middle\" bdt-grid>\n\t\t\t\t\t\t<span class=\"bdt-price-list-title\">Design<\/span>\n\n\t\t\t\t\t\t\t\t\t\t\t\t\t<span class=\"bdt-price-list-separator bdt-width-expand\"><\/span>\n\t\t\t\t\t\t\n\t\t\t\t\t<\/div>\n\n                    \t\t\t\t<\/div>\n\t\t\t<\/div>\n\t\t\t<div class=\"bdt-width-auto bdt-flex-inline\">\n\t\t\t\t<span class=\"bdt-price-list-price\">$10+<\/span>\n\t\t\t<\/div>\n\n\t\t\t<\/li>\n\t\t\n\t\t<\/ul>\n\t\t\t\t<\/div>\n\t\t\t\t<\/div>\n\t\t\t\t<div class=\"elementor-element elementor-element-112ba2f elementor-align-center elementor-widget elementor-widget-button\" data-id=\"112ba2f\" data-element_type=\"widget\" data-widget_type=\"button.default\">\n\t\t\t\t<div class=\"elementor-widget-container\">\n\t\t\t\t\t<div class=\"elementor-button-wrapper\">\n\t\t\t<a href=\"http:\/\/vibessalon.mylocalsalon.com\/onlinebooking\/v7410\/Steps\/SelectServices.aspx\" class=\"elementor-button-link elementor-button elementor-size-sm\" role=\"button\">\n\t\t\t\t\t\t<span class=\"elementor-button-content-wrapper\">\n\t\t\t\t\t\t<span class=\"elementor-button-text\">PRENEZ RENDEZ-VOUS<\/span>\n\t\t<\/span>\n\t\t\t\t\t<\/a>\n\t\t<\/div>\n\t\t\t\t<\/div>\n\t\t\t\t<\/div>\n\t\t\t\t\t\t<\/div>\n\t\t\t\t\t<\/div>\n\t\t<\/div>\n\t\t\t\t\t\t\t\t<\/div>\n\t\t\t\t\t<\/div>\n\t\t<\/section>\n\t\t\t\t<section class=\"elementor-section elementor-top-section elementor-element elementor-element-a889e5e elementor-section-full_width elementor-section-height-default elementor-section-height-default\" data-id=\"a889e5e\" data-element_type=\"section\" data-settings=\"{&quot;background_background&quot;:&quot;classic&quot;}\">\n\t\t\t\t\t\t<div class=\"elementor-container elementor-column-gap-default\">\n\t\t\t\t\t\t\t<div class=\"elementor-row\">\n\t\t\t\t\t<div class=\"elementor-column elementor-col-100 elementor-top-column elementor-element elementor-element-b750a35\" data-id=\"b750a35\" data-element_type=\"column\">\n\t\t\t<div class=\"elementor-column-wrap\">\n\t\t\t\t\t\t\t<div class=\"elementor-widget-wrap\">\n\t\t\t\t\t\t\t\t<\/div>\n\t\t\t\t\t<\/div>\n\t\t<\/div>\n\t\t\t\t\t\t\t\t<\/div>\n\t\t\t\t\t<\/div>\n\t\t<\/section>\n\t\t\t\t\t\t<\/div>\n\t\t\t\t\t\t<\/div>\n\t\t\t\t\t<\/div>\n\t\t","protected":false},"excerpt":{"rendered":"<p>Manucure Mains &#038; Ongles en beaut\u00e9 Des mains magnifiquement manucur\u00e9es font une si belle impression. Offrez-vous un cadeau et laissez les experts vous dorloter! Au salon Vibes, nous prenons grand soin d\u2019assurer les normes les plus \u00e9lev\u00e9es d\u2019hygi\u00e8ne et de s\u00e9curit\u00e9 lorsqu\u2019il s\u2019agit de st\u00e9riliser toutes les surfaces et tous les outils. Manucure $28 Manucure &hellip;<\/p>\n<p class=\"read-more\"> <a class=\"\" href=\"https:\/\/vibesspa.ca\/fr\/manucure\/\"> <span class=\"screen-reader-text\">Manucure<\/span> Lire la suite\u00a0\u00bb<\/a><\/p>\n","protected":false},"author":2,"featured_media":2352,"parent":0,"menu_order":0,"comment_status":"closed","ping_status":"closed","template":"elementor_header_footer","meta":{"site-sidebar-layout":"no-sidebar","site-content-layout":"page-builder","ast-global-header-display":"","ast-main-header-display":"disabled","ast-hfb-above-header-display":"","ast-hfb-below-header-display":"","ast-hfb-mobile-header-display":"","site-post-title":"disabled","ast-breadcrumbs-content":"","ast-featured-img":"disabled","footer-sml-layout":"","theme-transparent-header-meta":"default","adv-header-id-meta":"","stick-header-meta":"","header-above-stick-meta":"","header-main-stick-meta":"","header-below-stick-meta":"","footnotes":""},"class_list":["post-2268","page","type-page","status-publish","has-post-thumbnail","hentry"],"yoast_head":"<!-- This site is optimized with the Yoast SEO Premium plugin v20.1 (Yoast SEO v20.1) - https:\/\/yoast.com\/wordpress\/plugins\/seo\/ -->\n<title>Manucure, Spa Manucure, Shellac, Gel, Bio Gel et Plus &ndash; Vibes Spa<\/title>\n<meta name=\"description\" content=\"Soin professionnel des ongles pour les mains, manucure, manucure spa, acrylique, gel, gel d&#039;algues bio, shellac, etc. (514) 626-3987\" \/>\n<meta name=\"robots\" content=\"index, follow, max-snippet:-1, max-image-preview:large, max-video-preview:-1\" \/>\n<link rel=\"canonical\" href=\"https:\/\/vibesspa.ca\/fr\/manucure\/\" \/>\n<meta property=\"og:locale\" content=\"fr_FR\" \/>\n<meta property=\"og:type\" content=\"article\" \/>\n<meta property=\"og:title\" content=\"Manucure\" \/>\n<meta property=\"og:description\" content=\"Soin professionnel des ongles pour les mains, manucure, manucure spa, acrylique, gel, gel d&#039;algues bio, shellac, etc. (514) 626-3987\" \/>\n<meta property=\"og:url\" content=\"https:\/\/vibesspa.ca\/fr\/manucure\/\" \/>\n<meta property=\"og:site_name\" content=\"Vibes Spa\" \/>\n<meta property=\"article:modified_time\" content=\"2025-12-17T10:30:53+00:00\" \/>\n<meta property=\"og:image\" content=\"https:\/\/vibesspa.ca\/wp-content\/uploads\/2020\/10\/manicure@0.33x.jpg\" \/>\n\t<meta property=\"og:image:width\" content=\"1650\" \/>\n\t<meta property=\"og:image:height\" content=\"1100\" \/>\n\t<meta property=\"og:image:type\" content=\"image\/jpeg\" \/>\n<meta name=\"twitter:card\" content=\"summary_large_image\" \/>\n<meta name=\"twitter:label1\" content=\"Dur\u00e9e de lecture estim\u00e9e\" \/>\n\t<meta name=\"twitter:data1\" content=\"1 minute\" \/>\n<script type=\"application\/ld+json\" class=\"yoast-schema-graph\">{\"@context\":\"https:\/\/schema.org\",\"@graph\":[{\"@type\":\"WebPage\",\"@id\":\"https:\/\/vibesspa.ca\/fr\/manucure\/\",\"url\":\"https:\/\/vibesspa.ca\/fr\/manucure\/\",\"name\":\"Manucure, Spa Manucure, Shellac, Gel, Bio Gel et Plus &ndash; Vibes Spa\",\"isPartOf\":{\"@id\":\"https:\/\/vibesspa.ca\/fr\/#website\"},\"datePublished\":\"2020-09-17T18:46:26+00:00\",\"dateModified\":\"2025-12-17T10:30:53+00:00\",\"description\":\"Soin professionnel des ongles pour les mains, manucure, manucure spa, acrylique, gel, gel d'algues bio, shellac, etc. (514) 626-3987\",\"breadcrumb\":{\"@id\":\"https:\/\/vibesspa.ca\/fr\/manucure\/#breadcrumb\"},\"inLanguage\":\"fr-FR\",\"potentialAction\":[{\"@type\":\"ReadAction\",\"target\":[\"https:\/\/vibesspa.ca\/fr\/manucure\/\"]}]},{\"@type\":\"BreadcrumbList\",\"@id\":\"https:\/\/vibesspa.ca\/fr\/manucure\/#breadcrumb\",\"itemListElement\":[{\"@type\":\"ListItem\",\"position\":1,\"name\":\"Home\",\"item\":\"https:\/\/vibesspa.ca\/fr\/\"},{\"@type\":\"ListItem\",\"position\":2,\"name\":\"Manucure\"}]},{\"@type\":\"WebSite\",\"@id\":\"https:\/\/vibesspa.ca\/fr\/#website\",\"url\":\"https:\/\/vibesspa.ca\/fr\/\",\"name\":\"Vibes Spa\",\"description\":\"On-The-Go Spa Services\",\"publisher\":{\"@id\":\"https:\/\/vibesspa.ca\/fr\/#organization\"},\"alternateName\":\"On-the-go SPA West Island, Montreal\",\"potentialAction\":[{\"@type\":\"SearchAction\",\"target\":{\"@type\":\"EntryPoint\",\"urlTemplate\":\"https:\/\/vibesspa.ca\/fr\/?s={search_term_string}\"},\"query-input\":\"required name=search_term_string\"}],\"inLanguage\":\"fr-FR\"},{\"@type\":\"Organization\",\"@id\":\"https:\/\/vibesspa.ca\/fr\/#organization\",\"name\":\"Vibes Spa\",\"url\":\"https:\/\/vibesspa.ca\/fr\/\",\"logo\":{\"@type\":\"ImageObject\",\"inLanguage\":\"fr-FR\",\"@id\":\"https:\/\/vibesspa.ca\/fr\/#\/schema\/logo\/image\/\",\"url\":\"https:\/\/vibesspa.ca\/wp-content\/uploads\/2020\/11\/logo.png\",\"contentUrl\":\"https:\/\/vibesspa.ca\/wp-content\/uploads\/2020\/11\/logo.png\",\"width\":542,\"height\":250,\"caption\":\"Vibes Spa\"},\"image\":{\"@id\":\"https:\/\/vibesspa.ca\/fr\/#\/schema\/logo\/image\/\"}}]}<\/script>\n<!-- \/ Yoast SEO Premium plugin. -->","yoast_head_json":{"title":"Manucure, Spa Manucure, Shellac, Gel, Bio Gel et Plus &ndash; Vibes Spa","description":"Soin professionnel des ongles pour les mains, manucure, manucure spa, acrylique, gel, gel d'algues bio, shellac, etc. (514) 626-3987","robots":{"index":"index","follow":"follow","max-snippet":"max-snippet:-1","max-image-preview":"max-image-preview:large","max-video-preview":"max-video-preview:-1"},"canonical":"https:\/\/vibesspa.ca\/fr\/manucure\/","og_locale":"fr_FR","og_type":"article","og_title":"Manucure","og_description":"Soin professionnel des ongles pour les mains, manucure, manucure spa, acrylique, gel, gel d'algues bio, shellac, etc. (514) 626-3987","og_url":"https:\/\/vibesspa.ca\/fr\/manucure\/","og_site_name":"Vibes Spa","article_modified_time":"2025-12-17T10:30:53+00:00","og_image":[{"width":1650,"height":1100,"url":"https:\/\/vibesspa.ca\/wp-content\/uploads\/2020\/10\/manicure@0.33x.jpg","type":"image\/jpeg"}],"twitter_card":"summary_large_image","twitter_misc":{"Dur\u00e9e de lecture estim\u00e9e":"1 minute"},"schema":{"@context":"https:\/\/schema.org","@graph":[{"@type":"WebPage","@id":"https:\/\/vibesspa.ca\/fr\/manucure\/","url":"https:\/\/vibesspa.ca\/fr\/manucure\/","name":"Manucure, Spa Manucure, Shellac, Gel, Bio Gel et Plus &ndash; Vibes Spa","isPartOf":{"@id":"https:\/\/vibesspa.ca\/fr\/#website"},"datePublished":"2020-09-17T18:46:26+00:00","dateModified":"2025-12-17T10:30:53+00:00","description":"Soin professionnel des ongles pour les mains, manucure, manucure spa, acrylique, gel, gel d'algues bio, shellac, etc. (514) 626-3987","breadcrumb":{"@id":"https:\/\/vibesspa.ca\/fr\/manucure\/#breadcrumb"},"inLanguage":"fr-FR","potentialAction":[{"@type":"ReadAction","target":["https:\/\/vibesspa.ca\/fr\/manucure\/"]}]},{"@type":"BreadcrumbList","@id":"https:\/\/vibesspa.ca\/fr\/manucure\/#breadcrumb","itemListElement":[{"@type":"ListItem","position":1,"name":"Home","item":"https:\/\/vibesspa.ca\/fr\/"},{"@type":"ListItem","position":2,"name":"Manucure"}]},{"@type":"WebSite","@id":"https:\/\/vibesspa.ca\/fr\/#website","url":"https:\/\/vibesspa.ca\/fr\/","name":"Vibes Spa","description":"On-The-Go Spa Services","publisher":{"@id":"https:\/\/vibesspa.ca\/fr\/#organization"},"alternateName":"On-the-go SPA West Island, Montreal","potentialAction":[{"@type":"SearchAction","target":{"@type":"EntryPoint","urlTemplate":"https:\/\/vibesspa.ca\/fr\/?s={search_term_string}"},"query-input":"required name=search_term_string"}],"inLanguage":"fr-FR"},{"@type":"Organization","@id":"https:\/\/vibesspa.ca\/fr\/#organization","name":"Vibes Spa","url":"https:\/\/vibesspa.ca\/fr\/","logo":{"@type":"ImageObject","inLanguage":"fr-FR","@id":"https:\/\/vibesspa.ca\/fr\/#\/schema\/logo\/image\/","url":"https:\/\/vibesspa.ca\/wp-content\/uploads\/2020\/11\/logo.png","contentUrl":"https:\/\/vibesspa.ca\/wp-content\/uploads\/2020\/11\/logo.png","width":542,"height":250,"caption":"Vibes Spa"},"image":{"@id":"https:\/\/vibesspa.ca\/fr\/#\/schema\/logo\/image\/"}}]}},"_links":{"self":[{"href":"https:\/\/vibesspa.ca\/fr\/wp-json\/wp\/v2\/pages\/2268","targetHints":{"allow":["GET"]}}],"collection":[{"href":"https:\/\/vibesspa.ca\/fr\/wp-json\/wp\/v2\/pages"}],"about":[{"href":"https:\/\/vibesspa.ca\/fr\/wp-json\/wp\/v2\/types\/page"}],"author":[{"embeddable":true,"href":"https:\/\/vibesspa.ca\/fr\/wp-json\/wp\/v2\/users\/2"}],"replies":[{"embeddable":true,"href":"https:\/\/vibesspa.ca\/fr\/wp-json\/wp\/v2\/comments?post=2268"}],"version-history":[{"count":30,"href":"https:\/\/vibesspa.ca\/fr\/wp-json\/wp\/v2\/pages\/2268\/revisions"}],"predecessor-version":[{"id":3554,"href":"https:\/\/vibesspa.ca\/fr\/wp-json\/wp\/v2\/pages\/2268\/revisions\/3554"}],"wp:featuredmedia":[{"embeddable":true,"href":"https:\/\/vibesspa.ca\/fr\/wp-json\/wp\/v2\/media\/2352"}],"wp:attachment":[{"href":"https:\/\/vibesspa.ca\/fr\/wp-json\/wp\/v2\/media?parent=2268"}],"curies":[{"name":"wp","href":"https:\/\/api.w.org\/{rel}","templated":true}]}}