{"id":2251,"date":"2019-05-01T06:54:46","date_gmt":"2019-05-01T06:54:46","guid":{"rendered":"http:\/\/vibesspa.local\/facials\/"},"modified":"2025-12-17T09:46:20","modified_gmt":"2025-12-17T09:46:20","slug":"soins-de-la-peau","status":"publish","type":"page","link":"https:\/\/vibesspa.ca\/fr\/soins-de-la-peau\/","title":{"rendered":"Soins de la Peau"},"content":{"rendered":"\t\t<div data-elementor-type=\"wp-post\" data-elementor-id=\"2251\" class=\"elementor elementor-2251 elementor-424\" data-elementor-settings=\"[]\">\n\t\t\t\t\t\t<div class=\"elementor-inner\">\n\t\t\t\t\t\t\t<div class=\"elementor-section-wrap\">\n\t\t\t\t\t\t\t<section class=\"elementor-section elementor-top-section elementor-element elementor-element-6384860 elementor-section-content-middle elementor-reverse-tablet elementor-reverse-mobile elementor-section-full_width elementor-section-height-default elementor-section-height-default\" data-id=\"6384860\" data-element_type=\"section\" data-settings=\"{&quot;background_background&quot;:&quot;classic&quot;}\">\n\t\t\t\t\t\t\t<div class=\"elementor-background-overlay\"><\/div>\n\t\t\t\t\t\t\t<div class=\"elementor-container elementor-column-gap-default\">\n\t\t\t\t\t\t\t<div class=\"elementor-row\">\n\t\t\t\t\t<div class=\"elementor-column elementor-col-100 elementor-top-column elementor-element elementor-element-161fa0d\" data-id=\"161fa0d\" data-element_type=\"column\">\n\t\t\t<div class=\"elementor-column-wrap elementor-element-populated\">\n\t\t\t\t\t\t\t<div class=\"elementor-widget-wrap\">\n\t\t\t\t\t\t<div class=\"elementor-element elementor-element-905f8d6 elementor-relative elementor-widget elementor-widget-heading\" data-id=\"905f8d6\" data-element_type=\"widget\" data-settings=\"{&quot;pafe_position_mobile&quot;:&quot;relative&quot;}\" data-widget_type=\"heading.default\">\n\t\t\t\t<div class=\"elementor-widget-container\">\n\t\t\t<h2 class=\"elementor-heading-title elementor-size-default\">Soin de la peau & Faciales<\/h2>\t\t<\/div>\n\t\t\t\t<\/div>\n\t\t\t\t<div class=\"elementor-element elementor-element-efa08fe elementor-widget elementor-widget-image\" data-id=\"efa08fe\" data-element_type=\"widget\" data-widget_type=\"image.default\">\n\t\t\t\t<div class=\"elementor-widget-container\">\n\t\t\t\t\t<div class=\"elementor-image\">\n\t\t\t\t\t\t\t\t\t\t<img loading=\"lazy\" decoding=\"async\" width=\"4300\" height=\"2625\" src=\"https:\/\/vibesspa.ca\/wp-content\/uploads\/2020\/08\/shutterstock_613700813.jpg\" class=\"attachment-full size-full\" alt=\"\" srcset=\"https:\/\/vibesspa.ca\/wp-content\/uploads\/2020\/08\/shutterstock_613700813.jpg 4300w, https:\/\/vibesspa.ca\/wp-content\/uploads\/2020\/08\/shutterstock_613700813-300x183.jpg 300w, https:\/\/vibesspa.ca\/wp-content\/uploads\/2020\/08\/shutterstock_613700813-768x469.jpg 768w, https:\/\/vibesspa.ca\/wp-content\/uploads\/2020\/08\/shutterstock_613700813-1024x625.jpg 1024w\" sizes=\"auto, (max-width: 4300px) 100vw, 4300px\" \/>\t\t\t\t\t\t\t\t\t\t\t<\/div>\n\t\t\t\t<\/div>\n\t\t\t\t<\/div>\n\t\t\t\t\t\t<\/div>\n\t\t\t\t\t<\/div>\n\t\t<\/div>\n\t\t\t\t\t\t\t\t<\/div>\n\t\t\t\t\t<\/div>\n\t\t<\/section>\n\t\t\t\t<section class=\"elementor-section elementor-top-section elementor-element elementor-element-aba73dc elementor-section-content-middle elementor-reverse-tablet elementor-reverse-mobile elementor-section-full_width elementor-section-height-default elementor-section-height-default\" data-id=\"aba73dc\" data-element_type=\"section\" data-settings=\"{&quot;background_background&quot;:&quot;classic&quot;}\">\n\t\t\t\t\t\t\t<div class=\"elementor-background-overlay\"><\/div>\n\t\t\t\t\t\t\t<div class=\"elementor-container elementor-column-gap-default\">\n\t\t\t\t\t\t\t<div class=\"elementor-row\">\n\t\t\t\t\t<div class=\"elementor-column elementor-col-100 elementor-top-column elementor-element elementor-element-263dded\" data-id=\"263dded\" data-element_type=\"column\">\n\t\t\t<div class=\"elementor-column-wrap elementor-element-populated\">\n\t\t\t\t\t\t\t<div class=\"elementor-widget-wrap\">\n\t\t\t\t\t\t<div class=\"elementor-element elementor-element-52507eb elementor-widget elementor-widget-heading\" data-id=\"52507eb\" data-element_type=\"widget\" data-widget_type=\"heading.default\">\n\t\t\t\t<div class=\"elementor-widget-container\">\n\t\t\t<h2 class=\"elementor-heading-title elementor-size-default\">Ne souhaitez pas seulement une peau fabuleuse, laissez-nous vous la donner.<\/h2>\t\t<\/div>\n\t\t\t\t<\/div>\n\t\t\t\t<div class=\"elementor-element elementor-element-916d0ff elementor-widget elementor-widget-text-editor\" data-id=\"916d0ff\" data-element_type=\"widget\" data-widget_type=\"text-editor.default\">\n\t\t\t\t<div class=\"elementor-widget-container\">\n\t\t\t\t\t<div class=\"elementor-text-editor elementor-clearfix\">Profiter d\u2019un moment de d\u00e9tente pendant que nos professionnel en soin de la peau personnalise\nVotre facial afin qu\u2019il r\u00e9ponde au besoin essentiels votre peau. Nous pouvons vous aider \u00e0 ralentir le processus de vieillissement de votre peau et \u00e0 lui donner une apparence plus jeune.<\/div>\n\t\t\t\t<\/div>\n\t\t\t\t<\/div>\n\t\t\t\t\t\t<\/div>\n\t\t\t\t\t<\/div>\n\t\t<\/div>\n\t\t\t\t\t\t\t\t<\/div>\n\t\t\t\t\t<\/div>\n\t\t<\/section>\n\t\t\t\t<section class=\"elementor-section elementor-top-section elementor-element elementor-element-34de3ef elementor-section-boxed elementor-section-height-default elementor-section-height-default\" data-id=\"34de3ef\" data-element_type=\"section\" data-settings=\"{&quot;background_background&quot;:&quot;classic&quot;}\">\n\t\t\t\t\t\t<div class=\"elementor-container elementor-column-gap-default\">\n\t\t\t\t\t\t\t<div class=\"elementor-row\">\n\t\t\t\t\t<div class=\"elementor-column elementor-col-100 elementor-top-column elementor-element elementor-element-19cf340\" data-id=\"19cf340\" data-element_type=\"column\">\n\t\t\t<div class=\"elementor-column-wrap elementor-element-populated\">\n\t\t\t\t\t\t\t<div class=\"elementor-widget-wrap\">\n\t\t\t\t\t\t<div class=\"elementor-element elementor-element-66b525c elementor-widget elementor-widget-bdt-price-list\" data-id=\"66b525c\" data-element_type=\"widget\" data-widget_type=\"bdt-price-list.default\">\n\t\t\t\t<div class=\"elementor-widget-container\">\n\t\t\t\t\t<ul class=\"bdt-price-list\">\n\n\t\t<li class=\"bdt-price-list-item bdt-grid bdt-grid-small bdt-flex-top\" bdt-grid>\n\t\t\t<div class=\"bdt-price-list-text bdt-width-expand\">\n\t\t\t\t<div>\n\t\t\t\t\t<div class=\"bdt-price-list-header bdt-grid bdt-grid-small bdt-flex-middle\" bdt-grid>\n\t\t\t\t\t\t<span class=\"bdt-price-list-title\">Facial de base<\/span>\n\n\t\t\t\t\t\t\t\t\t\t\t\t\t<span class=\"bdt-price-list-separator bdt-width-expand\"><\/span>\n\t\t\t\t\t\t\n\t\t\t\t\t<\/div>\n\n                    \t\t\t\t<\/div>\n\t\t\t<\/div>\n\t\t\t<div class=\"bdt-width-auto bdt-flex-inline\">\n\t\t\t\t<span class=\"bdt-price-list-price\">$100<\/span>\n\t\t\t<\/div>\n\n\t\t\t<\/li>\n\t\t<li class=\"bdt-price-list-item bdt-grid bdt-grid-small bdt-flex-top\" bdt-grid>\n\t\t\t<div class=\"bdt-price-list-text bdt-width-expand\">\n\t\t\t\t<div>\n\t\t\t\t\t<div class=\"bdt-price-list-header bdt-grid bdt-grid-small bdt-flex-middle\" bdt-grid>\n\t\t\t\t\t\t<span class=\"bdt-price-list-title\">Express peeling<\/span>\n\n\t\t\t\t\t\t\t\t\t\t\t\t\t<span class=\"bdt-price-list-separator bdt-width-expand\"><\/span>\n\t\t\t\t\t\t\n\t\t\t\t\t<\/div>\n\n                                            <p class=\"bdt-price-list-description\">Pour une peau neuve.<\/p>\n                    \t\t\t\t<\/div>\n\t\t\t<\/div>\n\t\t\t<div class=\"bdt-width-auto bdt-flex-inline\">\n\t\t\t\t<span class=\"bdt-price-list-price\">$75<\/span>\n\t\t\t<\/div>\n\n\t\t\t<\/li>\n\t\t<li class=\"bdt-price-list-item bdt-grid bdt-grid-small bdt-flex-top\" bdt-grid>\n\t\t\t<div class=\"bdt-price-list-text bdt-width-expand\">\n\t\t\t\t<div>\n\t\t\t\t\t<div class=\"bdt-price-list-header bdt-grid bdt-grid-small bdt-flex-middle\" bdt-grid>\n\t\t\t\t\t\t<span class=\"bdt-price-list-title\">Facial au Collag\u00e8ne<\/span>\n\n\t\t\t\t\t\t\t\t\t\t\t\t\t<span class=\"bdt-price-list-separator bdt-width-expand\"><\/span>\n\t\t\t\t\t\t\n\t\t\t\t\t<\/div>\n\n                                            <p class=\"bdt-price-list-description\">Un traitement intensif aux propri\u00e9t\u00e9s r\u00e9g\u00e9n\u00e9rantes.<\/p>\n                    \t\t\t\t<\/div>\n\t\t\t<\/div>\n\t\t\t<div class=\"bdt-width-auto bdt-flex-inline\">\n\t\t\t\t<span class=\"bdt-price-list-price\">$125<\/span>\n\t\t\t<\/div>\n\n\t\t\t<\/li>\n\t\t<li class=\"bdt-price-list-item bdt-grid bdt-grid-small bdt-flex-top\" bdt-grid>\n\t\t\t<div class=\"bdt-price-list-text bdt-width-expand\">\n\t\t\t\t<div>\n\t\t\t\t\t<div class=\"bdt-price-list-header bdt-grid bdt-grid-small bdt-flex-middle\" bdt-grid>\n\t\t\t\t\t\t<span class=\"bdt-price-list-title\">Radiant Glow Hydrofacial<\/span>\n\n\t\t\t\t\t\t\t\t\t\t\t\t\t<span class=\"bdt-price-list-separator bdt-width-expand\"><\/span>\n\t\t\t\t\t\t\n\t\t\t\t\t<\/div>\n\n                                            <p class=\"bdt-price-list-description\">Redonne \u00e0 la peau son \u00e9clat et luminosit\u00e9 naturels.<\/p>\n                    \t\t\t\t<\/div>\n\t\t\t<\/div>\n\t\t\t<div class=\"bdt-width-auto bdt-flex-inline\">\n\t\t\t\t<span class=\"bdt-price-list-price\">$130<\/span>\n\t\t\t<\/div>\n\n\t\t\t<\/li>\n\t\t<li class=\"bdt-price-list-item bdt-grid bdt-grid-small bdt-flex-top\" bdt-grid>\n\t\t\t<div class=\"bdt-price-list-text bdt-width-expand\">\n\t\t\t\t<div>\n\t\t\t\t\t<div class=\"bdt-price-list-header bdt-grid bdt-grid-small bdt-flex-middle\" bdt-grid>\n\t\t\t\t\t\t<span class=\"bdt-price-list-title\">Facial Botinol<\/span>\n\n\t\t\t\t\t\t\t\t\t\t\t\t\t<span class=\"bdt-price-list-separator bdt-width-expand\"><\/span>\n\t\t\t\t\t\t\n\t\t\t\t\t<\/div>\n\n                                            <p class=\"bdt-price-list-description\">Lisse les traits pour un effet &#8220;BOTOX&#8221;.<\/p>\n                    \t\t\t\t<\/div>\n\t\t\t<\/div>\n\t\t\t<div class=\"bdt-width-auto bdt-flex-inline\">\n\t\t\t\t<span class=\"bdt-price-list-price\">$130<\/span>\n\t\t\t<\/div>\n\n\t\t\t<\/li>\n\t\t<li class=\"bdt-price-list-item bdt-grid bdt-grid-small bdt-flex-top\" bdt-grid>\n\t\t\t<div class=\"bdt-price-list-text bdt-width-expand\">\n\t\t\t\t<div>\n\t\t\t\t\t<div class=\"bdt-price-list-header bdt-grid bdt-grid-small bdt-flex-middle\" bdt-grid>\n\t\t\t\t\t\t<span class=\"bdt-price-list-title\">Facial Mask Algo<\/span>\n\n\t\t\t\t\t\t\t\t\t\t\t\t\t<span class=\"bdt-price-list-separator bdt-width-expand\"><\/span>\n\t\t\t\t\t\t\n\t\t\t\t\t<\/div>\n\n                                            <p class=\"bdt-price-list-description\">Pour un effet calmant, hydratant et un teint illumin\u00e9.<\/p>\n                    \t\t\t\t<\/div>\n\t\t\t<\/div>\n\t\t\t<div class=\"bdt-width-auto bdt-flex-inline\">\n\t\t\t\t<span class=\"bdt-price-list-price\">$100<\/span>\n\t\t\t<\/div>\n\n\t\t\t<\/li>\n\t\t<li class=\"bdt-price-list-item bdt-grid bdt-grid-small bdt-flex-top\" bdt-grid>\n\t\t\t<div class=\"bdt-price-list-text bdt-width-expand\">\n\t\t\t\t<div>\n\t\t\t\t\t<div class=\"bdt-price-list-header bdt-grid bdt-grid-small bdt-flex-middle\" bdt-grid>\n\t\t\t\t\t\t<span class=\"bdt-price-list-title\">Magiclift Hydrofacial<\/span>\n\n\t\t\t\t\t\t\t\t\t\t\t\t\t<span class=\"bdt-price-list-separator bdt-width-expand\"><\/span>\n\t\t\t\t\t\t\n\t\t\t\t\t<\/div>\n\n                                            <p class=\"bdt-price-list-description\">Pour un effet de fermet\u00e9 instantan\u00e9.<\/p>\n                    \t\t\t\t<\/div>\n\t\t\t<\/div>\n\t\t\t<div class=\"bdt-width-auto bdt-flex-inline\">\n\t\t\t\t<span class=\"bdt-price-list-price\">$250<\/span>\n\t\t\t<\/div>\n\n\t\t\t<\/li>\n\t\t<li class=\"bdt-price-list-item bdt-grid bdt-grid-small bdt-flex-top\" bdt-grid>\n\t\t\t<div class=\"bdt-price-list-text bdt-width-expand\">\n\t\t\t\t<div>\n\t\t\t\t\t<div class=\"bdt-price-list-header bdt-grid bdt-grid-small bdt-flex-middle\" bdt-grid>\n\t\t\t\t\t\t<span class=\"bdt-price-list-title\">Facial Sea C Spa<\/span>\n\n\t\t\t\t\t\t\t\t\t\t\t\t\t<span class=\"bdt-price-list-separator bdt-width-expand\"><\/span>\n\t\t\t\t\t\t\n\t\t\t\t\t<\/div>\n\n                                            <p class=\"bdt-price-list-description\">Illumine le teint et traite les premiers signes de vieillissement.<\/p>\n                    \t\t\t\t<\/div>\n\t\t\t<\/div>\n\t\t\t<div class=\"bdt-width-auto bdt-flex-inline\">\n\t\t\t\t<span class=\"bdt-price-list-price\">$110<\/span>\n\t\t\t<\/div>\n\n\t\t\t<\/li>\n\t\t<li class=\"bdt-price-list-item bdt-grid bdt-grid-small bdt-flex-top\" bdt-grid>\n\t\t\t<div class=\"bdt-price-list-text bdt-width-expand\">\n\t\t\t\t<div>\n\t\t\t\t\t<div class=\"bdt-price-list-header bdt-grid bdt-grid-small bdt-flex-middle\" bdt-grid>\n\t\t\t\t\t\t<span class=\"bdt-price-list-title\">Facial Ado<\/span>\n\n\t\t\t\t\t\t\t\t\t\t\t\t\t<span class=\"bdt-price-list-separator bdt-width-expand\"><\/span>\n\t\t\t\t\t\t\n\t\t\t\t\t<\/div>\n\n                                            <p class=\"bdt-price-list-description\">Pour une peau saine et propre.<\/p>\n                    \t\t\t\t<\/div>\n\t\t\t<\/div>\n\t\t\t<div class=\"bdt-width-auto bdt-flex-inline\">\n\t\t\t\t<span class=\"bdt-price-list-price\">$85<\/span>\n\t\t\t<\/div>\n\n\t\t\t<\/li>\n\t\t\n\t\t<\/ul>\n\t\t\t\t<\/div>\n\t\t\t\t<\/div>\n\t\t\t\t<div class=\"elementor-element elementor-element-a0e99b6 elementor-align-center elementor-widget elementor-widget-button\" data-id=\"a0e99b6\" data-element_type=\"widget\" data-widget_type=\"button.default\">\n\t\t\t\t<div class=\"elementor-widget-container\">\n\t\t\t\t\t<div class=\"elementor-button-wrapper\">\n\t\t\t<a href=\"http:\/\/vibessalon.mylocalsalon.com\/onlinebooking\/v7410\/Steps\/SelectServices.aspx\" class=\"elementor-button-link elementor-button elementor-size-sm\" role=\"button\">\n\t\t\t\t\t\t<span class=\"elementor-button-content-wrapper\">\n\t\t\t\t\t\t<span class=\"elementor-button-text\">PRENEZ RENDEZ-VOUS<\/span>\n\t\t<\/span>\n\t\t\t\t\t<\/a>\n\t\t<\/div>\n\t\t\t\t<\/div>\n\t\t\t\t<\/div>\n\t\t\t\t\t\t<\/div>\n\t\t\t\t\t<\/div>\n\t\t<\/div>\n\t\t\t\t\t\t\t\t<\/div>\n\t\t\t\t\t<\/div>\n\t\t<\/section>\n\t\t\t\t<section class=\"elementor-section elementor-top-section elementor-element elementor-element-a889e5e elementor-section-full_width elementor-section-height-default elementor-section-height-default\" data-id=\"a889e5e\" data-element_type=\"section\" data-settings=\"{&quot;background_background&quot;:&quot;classic&quot;}\">\n\t\t\t\t\t\t<div class=\"elementor-container elementor-column-gap-default\">\n\t\t\t\t\t\t\t<div class=\"elementor-row\">\n\t\t\t\t\t<div class=\"elementor-column elementor-col-100 elementor-top-column elementor-element elementor-element-b750a35\" data-id=\"b750a35\" data-element_type=\"column\">\n\t\t\t<div class=\"elementor-column-wrap\">\n\t\t\t\t\t\t\t<div class=\"elementor-widget-wrap\">\n\t\t\t\t\t\t\t\t<\/div>\n\t\t\t\t\t<\/div>\n\t\t<\/div>\n\t\t\t\t\t\t\t\t<\/div>\n\t\t\t\t\t<\/div>\n\t\t<\/section>\n\t\t\t\t\t\t<\/div>\n\t\t\t\t\t\t<\/div>\n\t\t\t\t\t<\/div>\n\t\t","protected":false},"excerpt":{"rendered":"<p>Soin de la peau &#038; Faciales Ne souhaitez pas seulement une peau fabuleuse, laissez-nous vous la donner. Profiter d\u2019un moment de d\u00e9tente pendant que nos professionnel en soin de la peau personnalise Votre facial afin qu\u2019il r\u00e9ponde au besoin essentiels votre peau. Nous pouvons vous aider \u00e0 ralentir le processus de vieillissement de votre peau &hellip;<\/p>\n<p class=\"read-more\"> <a class=\"\" href=\"https:\/\/vibesspa.ca\/fr\/soins-de-la-peau\/\"> <span class=\"screen-reader-text\">Soins de la Peau<\/span> Lire la suite\u00a0\u00bb<\/a><\/p>\n","protected":false},"author":2,"featured_media":0,"parent":0,"menu_order":0,"comment_status":"closed","ping_status":"closed","template":"","meta":{"site-sidebar-layout":"no-sidebar","site-content-layout":"page-builder","ast-global-header-display":"","ast-main-header-display":"disabled","ast-hfb-above-header-display":"","ast-hfb-below-header-display":"","ast-hfb-mobile-header-display":"","site-post-title":"disabled","ast-breadcrumbs-content":"","ast-featured-img":"disabled","footer-sml-layout":"","theme-transparent-header-meta":"default","adv-header-id-meta":"","stick-header-meta":"","header-above-stick-meta":"","header-main-stick-meta":"","header-below-stick-meta":"","footnotes":""},"class_list":["post-2251","page","type-page","status-publish","hentry"],"yoast_head":"<!-- This site is optimized with the Yoast SEO Premium plugin v20.1 (Yoast SEO v20.1) - https:\/\/yoast.com\/wordpress\/plugins\/seo\/ -->\n<title>Traitements du Visage, Peelings, Beaut\u00e9 et Soins Anti-\u00e2ge &ndash; Vibes Spa<\/title>\n<meta name=\"description\" content=\"Des soins professionnels et personnalis\u00e9s de la peau et du visage, adapt\u00e9s \u00e0 vos besoins. Un \u00e9clat sain et jeune! (514) 626-3987.\" \/>\n<meta name=\"robots\" content=\"index, follow, max-snippet:-1, max-image-preview:large, max-video-preview:-1\" \/>\n<link rel=\"canonical\" href=\"https:\/\/vibesspa.ca\/fr\/soins-de-la-peau\/\" \/>\n<meta property=\"og:locale\" content=\"fr_FR\" \/>\n<meta property=\"og:type\" content=\"article\" \/>\n<meta property=\"og:title\" content=\"Soins de la Peau\" \/>\n<meta property=\"og:description\" content=\"Des soins professionnels et personnalis\u00e9s de la peau et du visage, adapt\u00e9s \u00e0 vos besoins. Un \u00e9clat sain et jeune! (514) 626-3987.\" \/>\n<meta property=\"og:url\" content=\"https:\/\/vibesspa.ca\/fr\/soins-de-la-peau\/\" \/>\n<meta property=\"og:site_name\" content=\"Vibes Spa\" \/>\n<meta property=\"article:modified_time\" content=\"2025-12-17T09:46:20+00:00\" \/>\n<meta property=\"og:image\" content=\"https:\/\/vibesspa.ca\/wp-content\/uploads\/2020\/08\/shutterstock_613700813.jpg\" \/>\n<meta name=\"twitter:card\" content=\"summary_large_image\" \/>\n<meta name=\"twitter:label1\" content=\"Dur\u00e9e de lecture estim\u00e9e\" \/>\n\t<meta name=\"twitter:data1\" content=\"1 minute\" \/>\n<script type=\"application\/ld+json\" class=\"yoast-schema-graph\">{\"@context\":\"https:\/\/schema.org\",\"@graph\":[{\"@type\":\"WebPage\",\"@id\":\"https:\/\/vibesspa.ca\/fr\/soins-de-la-peau\/\",\"url\":\"https:\/\/vibesspa.ca\/fr\/soins-de-la-peau\/\",\"name\":\"Traitements du Visage, Peelings, Beaut\u00e9 et Soins Anti-\u00e2ge &ndash; Vibes Spa\",\"isPartOf\":{\"@id\":\"https:\/\/vibesspa.ca\/fr\/#website\"},\"datePublished\":\"2019-05-01T06:54:46+00:00\",\"dateModified\":\"2025-12-17T09:46:20+00:00\",\"description\":\"Des soins professionnels et personnalis\u00e9s de la peau et du visage, adapt\u00e9s \u00e0 vos besoins. Un \u00e9clat sain et jeune! (514) 626-3987.\",\"breadcrumb\":{\"@id\":\"https:\/\/vibesspa.ca\/fr\/soins-de-la-peau\/#breadcrumb\"},\"inLanguage\":\"fr-FR\",\"potentialAction\":[{\"@type\":\"ReadAction\",\"target\":[\"https:\/\/vibesspa.ca\/fr\/soins-de-la-peau\/\"]}]},{\"@type\":\"BreadcrumbList\",\"@id\":\"https:\/\/vibesspa.ca\/fr\/soins-de-la-peau\/#breadcrumb\",\"itemListElement\":[{\"@type\":\"ListItem\",\"position\":1,\"name\":\"Home\",\"item\":\"https:\/\/vibesspa.ca\/fr\/\"},{\"@type\":\"ListItem\",\"position\":2,\"name\":\"Soins de la Peau\"}]},{\"@type\":\"WebSite\",\"@id\":\"https:\/\/vibesspa.ca\/fr\/#website\",\"url\":\"https:\/\/vibesspa.ca\/fr\/\",\"name\":\"Vibes Spa\",\"description\":\"On-The-Go Spa Services\",\"publisher\":{\"@id\":\"https:\/\/vibesspa.ca\/fr\/#organization\"},\"alternateName\":\"On-the-go SPA West Island, Montreal\",\"potentialAction\":[{\"@type\":\"SearchAction\",\"target\":{\"@type\":\"EntryPoint\",\"urlTemplate\":\"https:\/\/vibesspa.ca\/fr\/?s={search_term_string}\"},\"query-input\":\"required name=search_term_string\"}],\"inLanguage\":\"fr-FR\"},{\"@type\":\"Organization\",\"@id\":\"https:\/\/vibesspa.ca\/fr\/#organization\",\"name\":\"Vibes Spa\",\"url\":\"https:\/\/vibesspa.ca\/fr\/\",\"logo\":{\"@type\":\"ImageObject\",\"inLanguage\":\"fr-FR\",\"@id\":\"https:\/\/vibesspa.ca\/fr\/#\/schema\/logo\/image\/\",\"url\":\"https:\/\/vibesspa.ca\/wp-content\/uploads\/2020\/11\/logo.png\",\"contentUrl\":\"https:\/\/vibesspa.ca\/wp-content\/uploads\/2020\/11\/logo.png\",\"width\":542,\"height\":250,\"caption\":\"Vibes Spa\"},\"image\":{\"@id\":\"https:\/\/vibesspa.ca\/fr\/#\/schema\/logo\/image\/\"}}]}<\/script>\n<!-- \/ Yoast SEO Premium plugin. -->","yoast_head_json":{"title":"Traitements du Visage, Peelings, Beaut\u00e9 et Soins Anti-\u00e2ge &ndash; Vibes Spa","description":"Des soins professionnels et personnalis\u00e9s de la peau et du visage, adapt\u00e9s \u00e0 vos besoins. Un \u00e9clat sain et jeune! (514) 626-3987.","robots":{"index":"index","follow":"follow","max-snippet":"max-snippet:-1","max-image-preview":"max-image-preview:large","max-video-preview":"max-video-preview:-1"},"canonical":"https:\/\/vibesspa.ca\/fr\/soins-de-la-peau\/","og_locale":"fr_FR","og_type":"article","og_title":"Soins de la Peau","og_description":"Des soins professionnels et personnalis\u00e9s de la peau et du visage, adapt\u00e9s \u00e0 vos besoins. Un \u00e9clat sain et jeune! (514) 626-3987.","og_url":"https:\/\/vibesspa.ca\/fr\/soins-de-la-peau\/","og_site_name":"Vibes Spa","article_modified_time":"2025-12-17T09:46:20+00:00","og_image":[{"url":"https:\/\/vibesspa.ca\/wp-content\/uploads\/2020\/08\/shutterstock_613700813.jpg"}],"twitter_card":"summary_large_image","twitter_misc":{"Dur\u00e9e de lecture estim\u00e9e":"1 minute"},"schema":{"@context":"https:\/\/schema.org","@graph":[{"@type":"WebPage","@id":"https:\/\/vibesspa.ca\/fr\/soins-de-la-peau\/","url":"https:\/\/vibesspa.ca\/fr\/soins-de-la-peau\/","name":"Traitements du Visage, Peelings, Beaut\u00e9 et Soins Anti-\u00e2ge &ndash; Vibes Spa","isPartOf":{"@id":"https:\/\/vibesspa.ca\/fr\/#website"},"datePublished":"2019-05-01T06:54:46+00:00","dateModified":"2025-12-17T09:46:20+00:00","description":"Des soins professionnels et personnalis\u00e9s de la peau et du visage, adapt\u00e9s \u00e0 vos besoins. Un \u00e9clat sain et jeune! (514) 626-3987.","breadcrumb":{"@id":"https:\/\/vibesspa.ca\/fr\/soins-de-la-peau\/#breadcrumb"},"inLanguage":"fr-FR","potentialAction":[{"@type":"ReadAction","target":["https:\/\/vibesspa.ca\/fr\/soins-de-la-peau\/"]}]},{"@type":"BreadcrumbList","@id":"https:\/\/vibesspa.ca\/fr\/soins-de-la-peau\/#breadcrumb","itemListElement":[{"@type":"ListItem","position":1,"name":"Home","item":"https:\/\/vibesspa.ca\/fr\/"},{"@type":"ListItem","position":2,"name":"Soins de la Peau"}]},{"@type":"WebSite","@id":"https:\/\/vibesspa.ca\/fr\/#website","url":"https:\/\/vibesspa.ca\/fr\/","name":"Vibes Spa","description":"On-The-Go Spa Services","publisher":{"@id":"https:\/\/vibesspa.ca\/fr\/#organization"},"alternateName":"On-the-go SPA West Island, Montreal","potentialAction":[{"@type":"SearchAction","target":{"@type":"EntryPoint","urlTemplate":"https:\/\/vibesspa.ca\/fr\/?s={search_term_string}"},"query-input":"required name=search_term_string"}],"inLanguage":"fr-FR"},{"@type":"Organization","@id":"https:\/\/vibesspa.ca\/fr\/#organization","name":"Vibes Spa","url":"https:\/\/vibesspa.ca\/fr\/","logo":{"@type":"ImageObject","inLanguage":"fr-FR","@id":"https:\/\/vibesspa.ca\/fr\/#\/schema\/logo\/image\/","url":"https:\/\/vibesspa.ca\/wp-content\/uploads\/2020\/11\/logo.png","contentUrl":"https:\/\/vibesspa.ca\/wp-content\/uploads\/2020\/11\/logo.png","width":542,"height":250,"caption":"Vibes Spa"},"image":{"@id":"https:\/\/vibesspa.ca\/fr\/#\/schema\/logo\/image\/"}}]}},"_links":{"self":[{"href":"https:\/\/vibesspa.ca\/fr\/wp-json\/wp\/v2\/pages\/2251","targetHints":{"allow":["GET"]}}],"collection":[{"href":"https:\/\/vibesspa.ca\/fr\/wp-json\/wp\/v2\/pages"}],"about":[{"href":"https:\/\/vibesspa.ca\/fr\/wp-json\/wp\/v2\/types\/page"}],"author":[{"embeddable":true,"href":"https:\/\/vibesspa.ca\/fr\/wp-json\/wp\/v2\/users\/2"}],"replies":[{"embeddable":true,"href":"https:\/\/vibesspa.ca\/fr\/wp-json\/wp\/v2\/comments?post=2251"}],"version-history":[{"count":27,"href":"https:\/\/vibesspa.ca\/fr\/wp-json\/wp\/v2\/pages\/2251\/revisions"}],"predecessor-version":[{"id":3543,"href":"https:\/\/vibesspa.ca\/fr\/wp-json\/wp\/v2\/pages\/2251\/revisions\/3543"}],"wp:attachment":[{"href":"https:\/\/vibesspa.ca\/fr\/wp-json\/wp\/v2\/media?parent=2251"}],"curies":[{"name":"wp","href":"https:\/\/api.w.org\/{rel}","templated":true}]}}